{"id":721,"date":"2024-01-20T13:03:08","date_gmt":"2024-01-20T13:03:08","guid":{"rendered":"https:\/\/mustveepuukool.ee\/?post_type=product&#038;p=721"},"modified":"2026-03-29T18:14:20","modified_gmt":"2026-03-29T18:14:20","slug":"salix-gracilistyla-mt-aso","status":"publish","type":"product","link":"https:\/\/mustveepuukool.ee\/et\/shop\/taimed\/ilupoosad\/pajud\/salix-gracilistyla-mt-aso\/","title":{"rendered":"Salix gracilistyla  &#8216;Mount Aso&#8217;"},"content":{"rendered":"<p>Varakevadel (aprill-mai) v\u00e4ga dekoratiivsed 5 cm pikkused roosad urvad. Suvel sinakasrohelise lehestikuga kompaktne p\u00f5\u00f5sas, lehtede alumine k\u00fclg h\u00f5bedane.<\/p>","protected":false},"excerpt":{"rendered":"<p>Pikaemakaline paju<br \/>\u2191 1,5-2 m <br \/>\u2194 1,5-2 m<br \/>\u25d1\u3007 <br \/>\ua564 m\u00e4rts-aprill <br \/>-29\u00b0C (5 tsoon)<\/p>","protected":false},"featured_media":722,"template":"","meta":[],"product_brand":[],"product_cat":[80],"product_tag":[],"class_list":{"0":"post-721","1":"product","2":"type-product","3":"status-publish","4":"has-post-thumbnail","6":"product_cat-pajud","7":"pa_suurus-15l-pott","9":"first","10":"instock","11":"shipping-taxable","12":"purchasable","13":"product-type-variable","14":"has-default-attributes"},"jetpack_sharing_enabled":true,"_links":{"self":[{"href":"https:\/\/mustveepuukool.ee\/et\/wp-json\/wp\/v2\/product\/721","targetHints":{"allow":["GET"]}}],"collection":[{"href":"https:\/\/mustveepuukool.ee\/et\/wp-json\/wp\/v2\/product"}],"about":[{"href":"https:\/\/mustveepuukool.ee\/et\/wp-json\/wp\/v2\/types\/product"}],"version-history":[{"count":1,"href":"https:\/\/mustveepuukool.ee\/et\/wp-json\/wp\/v2\/product\/721\/revisions"}],"predecessor-version":[{"id":4716,"href":"https:\/\/mustveepuukool.ee\/et\/wp-json\/wp\/v2\/product\/721\/revisions\/4716"}],"wp:featuredmedia":[{"embeddable":true,"href":"https:\/\/mustveepuukool.ee\/et\/wp-json\/wp\/v2\/media\/722"}],"wp:attachment":[{"href":"https:\/\/mustveepuukool.ee\/et\/wp-json\/wp\/v2\/media?parent=721"}],"wp:term":[{"taxonomy":"product_brand","embeddable":true,"href":"https:\/\/mustveepuukool.ee\/et\/wp-json\/wp\/v2\/product_brand?post=721"},{"taxonomy":"product_cat","embeddable":true,"href":"https:\/\/mustveepuukool.ee\/et\/wp-json\/wp\/v2\/product_cat?post=721"},{"taxonomy":"product_tag","embeddable":true,"href":"https:\/\/mustveepuukool.ee\/et\/wp-json\/wp\/v2\/product_tag?post=721"}],"curies":[{"name":"wp","href":"https:\/\/api.w.org\/{rel}","templated":true}]}}