{"id":724,"date":"2024-01-20T13:11:10","date_gmt":"2024-01-20T13:11:10","guid":{"rendered":"https:\/\/mustveepuukool.ee\/?post_type=product&#038;p=724"},"modified":"2026-04-01T13:50:18","modified_gmt":"2026-04-01T13:50:18","slug":"syringa-josikaea","status":"publish","type":"product","link":"https:\/\/mustveepuukool.ee\/et\/shop\/taimed\/ilupoosad\/sirel\/syringa-josikaea\/","title":{"rendered":"Syringa josikaea"},"content":{"rendered":"<p>\u00d5iteseb 2 n\u00e4dalat hiljem kui tavaline sirel. Ei anna juurev\u00f5su.<\/p>","protected":false},"excerpt":{"rendered":"<p>Ungari sirel<br \/>\u2191 3-4m <br \/>\u2194 3-4m <br \/>\u25d1\u3007 <br \/>\ua564 juuni <br \/>&#8212; 29\u00b0C (5 tsoon)<\/p>","protected":false},"featured_media":726,"template":"","meta":[],"product_brand":[],"product_cat":[84],"product_tag":[],"class_list":{"0":"post-724","1":"product","2":"type-product","3":"status-publish","4":"has-post-thumbnail","6":"product_cat-sirel","7":"pa_suurus-1m","9":"first","10":"instock","11":"shipping-taxable","12":"purchasable","13":"product-type-variable","14":"has-default-attributes"},"jetpack_sharing_enabled":true,"_links":{"self":[{"href":"https:\/\/mustveepuukool.ee\/et\/wp-json\/wp\/v2\/product\/724","targetHints":{"allow":["GET"]}}],"collection":[{"href":"https:\/\/mustveepuukool.ee\/et\/wp-json\/wp\/v2\/product"}],"about":[{"href":"https:\/\/mustveepuukool.ee\/et\/wp-json\/wp\/v2\/types\/product"}],"version-history":[{"count":1,"href":"https:\/\/mustveepuukool.ee\/et\/wp-json\/wp\/v2\/product\/724\/revisions"}],"predecessor-version":[{"id":4836,"href":"https:\/\/mustveepuukool.ee\/et\/wp-json\/wp\/v2\/product\/724\/revisions\/4836"}],"wp:featuredmedia":[{"embeddable":true,"href":"https:\/\/mustveepuukool.ee\/et\/wp-json\/wp\/v2\/media\/726"}],"wp:attachment":[{"href":"https:\/\/mustveepuukool.ee\/et\/wp-json\/wp\/v2\/media?parent=724"}],"wp:term":[{"taxonomy":"product_brand","embeddable":true,"href":"https:\/\/mustveepuukool.ee\/et\/wp-json\/wp\/v2\/product_brand?post=724"},{"taxonomy":"product_cat","embeddable":true,"href":"https:\/\/mustveepuukool.ee\/et\/wp-json\/wp\/v2\/product_cat?post=724"},{"taxonomy":"product_tag","embeddable":true,"href":"https:\/\/mustveepuukool.ee\/et\/wp-json\/wp\/v2\/product_tag?post=724"}],"curies":[{"name":"wp","href":"https:\/\/api.w.org\/{rel}","templated":true}]}}