{"id":7337,"date":"2025-02-10T15:05:59","date_gmt":"2025-02-10T15:05:59","guid":{"rendered":"https:\/\/mustveepuukool.ee\/?post_type=product&#038;p=7337"},"modified":"2026-04-20T05:51:35","modified_gmt":"2026-04-20T05:51:35","slug":"rubus-fruticosus-x-idaeus-tayberry","status":"publish","type":"product","link":"https:\/\/mustveepuukool.ee\/et\/shop\/taimed\/viljapuud-ja-marjad\/vaarika\/rubus-fruticosus-x-idaeus-tayberry\/","title":{"rendered":"Rubus fruticosus x idaeus Tayberry"},"content":{"rendered":"<p>Viljakas. Viljad v\u00e4ga suured, mahlased, aromaatsed, tumepunased, v\u00e4ga maitsvad, augustist ja k\u00fclmadeni. Kannab vilju kaheaastastel okstel.<\/p>","protected":false},"excerpt":{"rendered":"<p>Vampel, P\u00f5ldmuraka ja vaarika ristand<br \/>\u2191 1,5-1,8m <br \/>\u25d1\u3007 <br \/>\ua564 mai <br \/>&#8212; 29\u00b0C (5 tsoon)<\/p>","protected":false},"featured_media":7338,"template":"","meta":[],"product_brand":[],"product_cat":[105],"product_tag":[],"class_list":{"0":"post-7337","1":"product","2":"type-product","3":"status-publish","4":"has-post-thumbnail","6":"product_cat-vaarika","7":"pa_suurus-13cm-pott","9":"first","10":"instock","11":"shipping-taxable","12":"purchasable","13":"product-type-variable","14":"has-default-attributes"},"jetpack_sharing_enabled":true,"_links":{"self":[{"href":"https:\/\/mustveepuukool.ee\/et\/wp-json\/wp\/v2\/product\/7337","targetHints":{"allow":["GET"]}}],"collection":[{"href":"https:\/\/mustveepuukool.ee\/et\/wp-json\/wp\/v2\/product"}],"about":[{"href":"https:\/\/mustveepuukool.ee\/et\/wp-json\/wp\/v2\/types\/product"}],"version-history":[{"count":2,"href":"https:\/\/mustveepuukool.ee\/et\/wp-json\/wp\/v2\/product\/7337\/revisions"}],"predecessor-version":[{"id":7341,"href":"https:\/\/mustveepuukool.ee\/et\/wp-json\/wp\/v2\/product\/7337\/revisions\/7341"}],"wp:featuredmedia":[{"embeddable":true,"href":"https:\/\/mustveepuukool.ee\/et\/wp-json\/wp\/v2\/media\/7338"}],"wp:attachment":[{"href":"https:\/\/mustveepuukool.ee\/et\/wp-json\/wp\/v2\/media?parent=7337"}],"wp:term":[{"taxonomy":"product_brand","embeddable":true,"href":"https:\/\/mustveepuukool.ee\/et\/wp-json\/wp\/v2\/product_brand?post=7337"},{"taxonomy":"product_cat","embeddable":true,"href":"https:\/\/mustveepuukool.ee\/et\/wp-json\/wp\/v2\/product_cat?post=7337"},{"taxonomy":"product_tag","embeddable":true,"href":"https:\/\/mustveepuukool.ee\/et\/wp-json\/wp\/v2\/product_tag?post=7337"}],"curies":[{"name":"wp","href":"https:\/\/api.w.org\/{rel}","templated":true}]}}