{"id":7342,"date":"2025-02-10T15:16:22","date_gmt":"2025-02-10T15:16:22","guid":{"rendered":"https:\/\/mustveepuukool.ee\/?post_type=product&#038;p=7342"},"modified":"2026-01-21T14:43:42","modified_gmt":"2026-01-21T14:43:42","slug":"rudbeckia-fulgida-goldsturm","status":"publish","type":"product","link":"https:\/\/mustveepuukool.ee\/et\/shop\/taimed\/pusikud\/muud-pusikud\/rudbeckia-fulgida-goldsturm\/","title":{"rendered":"Rudbeckia fulgida &#8216;Goldsturm&#8217;"},"content":{"rendered":"<p>\u0426\u0432\u0435\u0442\u043a\u0438 \u0436\u0435\u043b\u0442\u043e-\u043e\u0440\u0430\u043d\u0436\u0435\u0432\u044b\u0435 \u0441 \u043a\u043e\u0440\u0438\u0447\u043d\u0435\u0432\u044b\u043c \u0446\u0435\u043d\u0442\u0440\u043e\u043c, \u0440\u043e\u043c\u0430\u0448\u043a\u043e\u043f\u043e\u0434\u043e\u0431\u043d\u044b\u0435, \u043a\u0440\u0443\u043f\u043d\u044b\u0435. \u0426\u0432\u0435\u0442\u0435\u043d\u0438\u0435 \u043e\u0431\u0438\u043b\u044c\u043d\u043e\u0435 \u0438 \u043f\u0440\u043e\u0434\u043e\u043b\u0436\u0438\u0442\u0435\u043b\u044c\u043d\u043e\u0435 \u0434\u043e \u043f\u0435\u0440\u0432\u044b\u0445 \u0437\u0430\u043c\u043e\u0440\u043e\u0437\u043a\u043e\u0432.  \u041f\u0440\u0438\u0432\u043b\u0435\u043a\u0430\u0435\u0442 \u0432 \u0441\u0430\u0434 \u043f\u043e\u043b\u0435\u0437\u043d\u044b\u0445 \u043d\u0430\u0441\u0435\u043a\u043e\u043c\u044b\u0445. \u041d\u0435\u043f\u0440\u0438\u0445\u043e\u0442\u043b\u0438\u0432\u044b\u0439.<\/p>","protected":false},"excerpt":{"rendered":"<p>S\u00e4rav p\u00e4evak\u00fcbar<br \/>\u2191 \u00f5iega 70 \u0441m <br \/>\u2194 50 cm <br \/>\u25d1\u3007 <br \/>\ua564 juuli-september <br \/>&#8212; 29\u00b0C (5 tsoon)<\/p>","protected":false},"featured_media":9168,"template":"","meta":[],"product_brand":[],"product_cat":[111],"product_tag":[],"class_list":{"0":"post-7342","1":"product","2":"type-product","3":"status-publish","4":"has-post-thumbnail","6":"product_cat-muud-pusikud","7":"pa_suurus-9cm-pott","9":"first","10":"outofstock","11":"shipping-taxable","12":"purchasable","13":"product-type-variable","14":"has-default-attributes"},"jetpack_sharing_enabled":true,"_links":{"self":[{"href":"https:\/\/mustveepuukool.ee\/et\/wp-json\/wp\/v2\/product\/7342","targetHints":{"allow":["GET"]}}],"collection":[{"href":"https:\/\/mustveepuukool.ee\/et\/wp-json\/wp\/v2\/product"}],"about":[{"href":"https:\/\/mustveepuukool.ee\/et\/wp-json\/wp\/v2\/types\/product"}],"version-history":[{"count":2,"href":"https:\/\/mustveepuukool.ee\/et\/wp-json\/wp\/v2\/product\/7342\/revisions"}],"predecessor-version":[{"id":7346,"href":"https:\/\/mustveepuukool.ee\/et\/wp-json\/wp\/v2\/product\/7342\/revisions\/7346"}],"wp:featuredmedia":[{"embeddable":true,"href":"https:\/\/mustveepuukool.ee\/et\/wp-json\/wp\/v2\/media\/9168"}],"wp:attachment":[{"href":"https:\/\/mustveepuukool.ee\/et\/wp-json\/wp\/v2\/media?parent=7342"}],"wp:term":[{"taxonomy":"product_brand","embeddable":true,"href":"https:\/\/mustveepuukool.ee\/et\/wp-json\/wp\/v2\/product_brand?post=7342"},{"taxonomy":"product_cat","embeddable":true,"href":"https:\/\/mustveepuukool.ee\/et\/wp-json\/wp\/v2\/product_cat?post=7342"},{"taxonomy":"product_tag","embeddable":true,"href":"https:\/\/mustveepuukool.ee\/et\/wp-json\/wp\/v2\/product_tag?post=7342"}],"curies":[{"name":"wp","href":"https:\/\/api.w.org\/{rel}","templated":true}]}}