{"id":7347,"date":"2025-02-10T15:21:20","date_gmt":"2025-02-10T15:21:20","guid":{"rendered":"https:\/\/mustveepuukool.ee\/?post_type=product&#038;p=7347"},"modified":"2026-01-21T14:43:42","modified_gmt":"2026-01-21T14:43:42","slug":"rudbeckia-fulgida-speciosa","status":"publish","type":"product","link":"https:\/\/mustveepuukool.ee\/et\/shop\/taimed\/pusikud\/muud-pusikud\/rudbeckia-fulgida-speciosa\/","title":{"rendered":"Rudbeckia fulgida speciosa"},"content":{"rendered":"<p>\u00d5ied on natukene v\u00e4iksem nagu 'Goldsturm', s\u00e4ravkollased musta s\u00fcdamikuga. \u00d5itsemine pikaajaliselt ja rikkalikult kuni esimeste k\u00fclmadeni. Meelitab ligi kasulikke putukaid. V\u00e4hen\u00f5udlik.<\/p>","protected":false},"excerpt":{"rendered":"<p>S\u00e4rav p\u00e4evak\u00fcbar<br \/>\u2191 \u00f5iega 70 \u0441m <br \/>\u2194 50 cm <br \/>\u25d1\u3007 <br \/>\ua564 juuli-september <br \/>&#8212; 29\u00b0C (5 tsoon)<\/p>","protected":false},"featured_media":9169,"template":"","meta":[],"product_brand":[],"product_cat":[111],"product_tag":[],"class_list":{"0":"post-7347","1":"product","2":"type-product","3":"status-publish","4":"has-post-thumbnail","6":"product_cat-muud-pusikud","7":"pa_suurus-9cm-pott","9":"first","10":"outofstock","11":"shipping-taxable","12":"purchasable","13":"product-type-variable","14":"has-default-attributes"},"jetpack_sharing_enabled":true,"_links":{"self":[{"href":"https:\/\/mustveepuukool.ee\/et\/wp-json\/wp\/v2\/product\/7347","targetHints":{"allow":["GET"]}}],"collection":[{"href":"https:\/\/mustveepuukool.ee\/et\/wp-json\/wp\/v2\/product"}],"about":[{"href":"https:\/\/mustveepuukool.ee\/et\/wp-json\/wp\/v2\/types\/product"}],"version-history":[{"count":2,"href":"https:\/\/mustveepuukool.ee\/et\/wp-json\/wp\/v2\/product\/7347\/revisions"}],"predecessor-version":[{"id":7351,"href":"https:\/\/mustveepuukool.ee\/et\/wp-json\/wp\/v2\/product\/7347\/revisions\/7351"}],"wp:featuredmedia":[{"embeddable":true,"href":"https:\/\/mustveepuukool.ee\/et\/wp-json\/wp\/v2\/media\/9169"}],"wp:attachment":[{"href":"https:\/\/mustveepuukool.ee\/et\/wp-json\/wp\/v2\/media?parent=7347"}],"wp:term":[{"taxonomy":"product_brand","embeddable":true,"href":"https:\/\/mustveepuukool.ee\/et\/wp-json\/wp\/v2\/product_brand?post=7347"},{"taxonomy":"product_cat","embeddable":true,"href":"https:\/\/mustveepuukool.ee\/et\/wp-json\/wp\/v2\/product_cat?post=7347"},{"taxonomy":"product_tag","embeddable":true,"href":"https:\/\/mustveepuukool.ee\/et\/wp-json\/wp\/v2\/product_tag?post=7347"}],"curies":[{"name":"wp","href":"https:\/\/api.w.org\/{rel}","templated":true}]}}