{"id":7383,"date":"2025-02-11T09:12:44","date_gmt":"2025-02-11T09:12:44","guid":{"rendered":"https:\/\/mustveepuukool.ee\/?post_type=product&#038;p=7383"},"modified":"2026-01-21T14:43:15","modified_gmt":"2026-01-21T14:43:15","slug":"salvia-nemorosa-sensation-deep-rose","status":"publish","type":"product","link":"https:\/\/mustveepuukool.ee\/et\/shop\/taimed\/pusikud\/salveid\/salvia-nemorosa-sensation-deep-rose\/","title":{"rendered":"Salvia nemorosa &#8216;Sensation Deep Rose&#8217;"},"content":{"rendered":"<p>\u00d5ied on tumeroosad. \u00d5itsemine pikaajaliselt ja rikkalikult. Lehed on hallika-rohelised meeldiva aroomiga. Meelitab aeda tolmendajad. V\u00e4hen\u00f5udlik. Ravi-, maitse-, ilutaim.<\/p>","protected":false},"excerpt":{"rendered":"<p>Metssalvei<br \/>\u2191 \u00f5iega 60-90 cm <br \/>\u2194 30-50\u0441m <br \/>\u25d1\u3007 <br \/>\ua564 juuni-september <br \/>&#8212; 29\u00b0C (5 tsoon)<\/p>","protected":false},"featured_media":7384,"template":"","meta":[],"product_brand":[],"product_cat":[163],"product_tag":[],"class_list":{"0":"post-7383","1":"product","2":"type-product","3":"status-publish","4":"has-post-thumbnail","6":"product_cat-salveid","7":"pa_suurus-9cm-pott","9":"first","10":"outofstock","11":"shipping-taxable","12":"purchasable","13":"product-type-variable","14":"has-default-attributes"},"jetpack_sharing_enabled":true,"_links":{"self":[{"href":"https:\/\/mustveepuukool.ee\/et\/wp-json\/wp\/v2\/product\/7383","targetHints":{"allow":["GET"]}}],"collection":[{"href":"https:\/\/mustveepuukool.ee\/et\/wp-json\/wp\/v2\/product"}],"about":[{"href":"https:\/\/mustveepuukool.ee\/et\/wp-json\/wp\/v2\/types\/product"}],"version-history":[{"count":2,"href":"https:\/\/mustveepuukool.ee\/et\/wp-json\/wp\/v2\/product\/7383\/revisions"}],"predecessor-version":[{"id":7387,"href":"https:\/\/mustveepuukool.ee\/et\/wp-json\/wp\/v2\/product\/7383\/revisions\/7387"}],"wp:featuredmedia":[{"embeddable":true,"href":"https:\/\/mustveepuukool.ee\/et\/wp-json\/wp\/v2\/media\/7384"}],"wp:attachment":[{"href":"https:\/\/mustveepuukool.ee\/et\/wp-json\/wp\/v2\/media?parent=7383"}],"wp:term":[{"taxonomy":"product_brand","embeddable":true,"href":"https:\/\/mustveepuukool.ee\/et\/wp-json\/wp\/v2\/product_brand?post=7383"},{"taxonomy":"product_cat","embeddable":true,"href":"https:\/\/mustveepuukool.ee\/et\/wp-json\/wp\/v2\/product_cat?post=7383"},{"taxonomy":"product_tag","embeddable":true,"href":"https:\/\/mustveepuukool.ee\/et\/wp-json\/wp\/v2\/product_tag?post=7383"}],"curies":[{"name":"wp","href":"https:\/\/api.w.org\/{rel}","templated":true}]}}