{"id":7388,"date":"2025-02-11T09:15:31","date_gmt":"2025-02-11T09:15:31","guid":{"rendered":"https:\/\/mustveepuukool.ee\/?post_type=product&#038;p=7388"},"modified":"2026-01-21T14:43:15","modified_gmt":"2026-01-21T14:43:15","slug":"salvia-nemorosa-violet-konigin","status":"publish","type":"product","link":"https:\/\/mustveepuukool.ee\/et\/shop\/taimed\/pusikud\/salveid\/salvia-nemorosa-violet-konigin\/","title":{"rendered":"Salvia nemorosa &#8216;Violet Konigin&#8217;"},"content":{"rendered":"<p>\u00d5ied on sinakaslillad. \u00d5itsemine pikaajaliselt ja rikkalikult. Lehed on hallika-rohelised meeldiva aroomiga. Meelitab aeda tolmendajad. V\u00e4hen\u00f5udlik. Ravi-, maitse-, ilutaim.<\/p>","protected":false},"excerpt":{"rendered":"<p>Metssalvei<br \/>\u2191 \u00f5iega 70 \u0441m <br \/>\u2194 45 cm <br \/>\u25d1\u3007 <br \/>\ua564 juuni-september <br \/>&#8212; 29\u00b0C (5 tsoon)<\/p>","protected":false},"featured_media":7389,"template":"","meta":[],"product_brand":[],"product_cat":[163],"product_tag":[],"class_list":{"0":"post-7388","1":"product","2":"type-product","3":"status-publish","4":"has-post-thumbnail","6":"product_cat-salveid","7":"pa_suurus-9cm-pott","9":"first","10":"outofstock","11":"shipping-taxable","12":"purchasable","13":"product-type-variable","14":"has-default-attributes"},"jetpack_sharing_enabled":true,"_links":{"self":[{"href":"https:\/\/mustveepuukool.ee\/et\/wp-json\/wp\/v2\/product\/7388","targetHints":{"allow":["GET"]}}],"collection":[{"href":"https:\/\/mustveepuukool.ee\/et\/wp-json\/wp\/v2\/product"}],"about":[{"href":"https:\/\/mustveepuukool.ee\/et\/wp-json\/wp\/v2\/types\/product"}],"version-history":[{"count":2,"href":"https:\/\/mustveepuukool.ee\/et\/wp-json\/wp\/v2\/product\/7388\/revisions"}],"predecessor-version":[{"id":7392,"href":"https:\/\/mustveepuukool.ee\/et\/wp-json\/wp\/v2\/product\/7388\/revisions\/7392"}],"wp:featuredmedia":[{"embeddable":true,"href":"https:\/\/mustveepuukool.ee\/et\/wp-json\/wp\/v2\/media\/7389"}],"wp:attachment":[{"href":"https:\/\/mustveepuukool.ee\/et\/wp-json\/wp\/v2\/media?parent=7388"}],"wp:term":[{"taxonomy":"product_brand","embeddable":true,"href":"https:\/\/mustveepuukool.ee\/et\/wp-json\/wp\/v2\/product_brand?post=7388"},{"taxonomy":"product_cat","embeddable":true,"href":"https:\/\/mustveepuukool.ee\/et\/wp-json\/wp\/v2\/product_cat?post=7388"},{"taxonomy":"product_tag","embeddable":true,"href":"https:\/\/mustveepuukool.ee\/et\/wp-json\/wp\/v2\/product_tag?post=7388"}],"curies":[{"name":"wp","href":"https:\/\/api.w.org\/{rel}","templated":true}]}}