{"id":744,"date":"2024-01-20T18:57:41","date_gmt":"2024-01-20T18:57:41","guid":{"rendered":"https:\/\/mustveepuukool.ee\/?post_type=product&#038;p=744"},"modified":"2026-05-02T05:31:59","modified_gmt":"2026-05-02T05:31:59","slug":"morus-alba","status":"publish","type":"product","link":"https:\/\/mustveepuukool.ee\/et\/shop\/taimed\/viljapuud-ja-marjad\/mooruspuu\/morus-alba\/","title":{"rendered":"Morus alba"},"content":{"rendered":"<p>Viljad sarnanevad p\u00f5ldmuraka marjadele, maitsvad, valmivad juulis-augustis. Valge mooruspuu viljade v\u00e4rvus varieerub \u2014 valged, punased, lillad v\u00f5i mustad.  Hakkab vilja kandma 3-4 aastat p\u00e4rast istutamist. Kuldkollane s\u00fcgisv\u00e4rv. V\u00e4hen\u00f5udlik.<\/p>","protected":false},"excerpt":{"rendered":"<p>Valge mooruspuu<br \/>\u2191 3-6 m <br \/>\u2194 3 m<br \/>\u25d1\u3007 <br \/>\ua564 aprill-mai <br \/>-29\u00b0C (5 tsoon)<\/p>","protected":false},"featured_media":746,"template":"","meta":[],"product_brand":[],"product_cat":[104],"product_tag":[],"class_list":{"0":"post-744","1":"product","2":"type-product","3":"status-publish","4":"has-post-thumbnail","6":"product_cat-mooruspuu","7":"pa_suurus-6l","9":"first","10":"outofstock","11":"shipping-taxable","12":"purchasable","13":"product-type-variable","14":"has-default-attributes"},"jetpack_sharing_enabled":true,"_links":{"self":[{"href":"https:\/\/mustveepuukool.ee\/et\/wp-json\/wp\/v2\/product\/744","targetHints":{"allow":["GET"]}}],"collection":[{"href":"https:\/\/mustveepuukool.ee\/et\/wp-json\/wp\/v2\/product"}],"about":[{"href":"https:\/\/mustveepuukool.ee\/et\/wp-json\/wp\/v2\/types\/product"}],"version-history":[{"count":2,"href":"https:\/\/mustveepuukool.ee\/et\/wp-json\/wp\/v2\/product\/744\/revisions"}],"predecessor-version":[{"id":6495,"href":"https:\/\/mustveepuukool.ee\/et\/wp-json\/wp\/v2\/product\/744\/revisions\/6495"}],"wp:featuredmedia":[{"embeddable":true,"href":"https:\/\/mustveepuukool.ee\/et\/wp-json\/wp\/v2\/media\/746"}],"wp:attachment":[{"href":"https:\/\/mustveepuukool.ee\/et\/wp-json\/wp\/v2\/media?parent=744"}],"wp:term":[{"taxonomy":"product_brand","embeddable":true,"href":"https:\/\/mustveepuukool.ee\/et\/wp-json\/wp\/v2\/product_brand?post=744"},{"taxonomy":"product_cat","embeddable":true,"href":"https:\/\/mustveepuukool.ee\/et\/wp-json\/wp\/v2\/product_cat?post=744"},{"taxonomy":"product_tag","embeddable":true,"href":"https:\/\/mustveepuukool.ee\/et\/wp-json\/wp\/v2\/product_tag?post=744"}],"curies":[{"name":"wp","href":"https:\/\/api.w.org\/{rel}","templated":true}]}}