{"id":7467,"date":"2025-02-13T11:33:39","date_gmt":"2025-02-13T11:33:39","guid":{"rendered":"https:\/\/mustveepuukool.ee\/?post_type=product&#038;p=7467"},"modified":"2026-01-21T14:43:15","modified_gmt":"2026-01-21T14:43:15","slug":"scabiosa-caucasica-perfecta-mid-blue","status":"publish","type":"product","link":"https:\/\/mustveepuukool.ee\/et\/shop\/taimed\/pusikud\/muud-pusikud\/scabiosa-caucasica-perfecta-mid-blue\/","title":{"rendered":"Scabiosa caucasica &#8216;Perfecta Mid Blue&#8217;"},"content":{"rendered":"<p><strong>\u00d5itseb terve suve pidevalt!<\/strong>\u00a0\u00d5ied on sured 10cm taevasinised, t\u00e4idi\u00f5ielised. K\u00f5rgune, p\u00fcstiste vartega, aga vihma ja tugev tuul ei karda. Dekoratiivne l\u00e4bi hooaja. Meelitab aeda tolmendajad. V\u00e4hen\u00f5udlik.<\/p>","protected":false},"excerpt":{"rendered":"<p>Kaukaasia t\u00e4htpea<br \/>\u2191 \u00f5iega 80 cm <br \/>\u25d1\u3007 <br \/>\ua564 juuni-septembe <br \/>&#8212; 29\u00b0C (5 tsoon)<\/p>","protected":false},"featured_media":7468,"template":"","meta":[],"product_brand":[],"product_cat":[111],"product_tag":[],"class_list":{"0":"post-7467","1":"product","2":"type-product","3":"status-publish","4":"has-post-thumbnail","6":"product_cat-muud-pusikud","7":"pa_suurus-9cm-pott","9":"first","10":"outofstock","11":"shipping-taxable","12":"purchasable","13":"product-type-variable","14":"has-default-attributes"},"jetpack_sharing_enabled":true,"_links":{"self":[{"href":"https:\/\/mustveepuukool.ee\/et\/wp-json\/wp\/v2\/product\/7467","targetHints":{"allow":["GET"]}}],"collection":[{"href":"https:\/\/mustveepuukool.ee\/et\/wp-json\/wp\/v2\/product"}],"about":[{"href":"https:\/\/mustveepuukool.ee\/et\/wp-json\/wp\/v2\/types\/product"}],"version-history":[{"count":2,"href":"https:\/\/mustveepuukool.ee\/et\/wp-json\/wp\/v2\/product\/7467\/revisions"}],"predecessor-version":[{"id":7471,"href":"https:\/\/mustveepuukool.ee\/et\/wp-json\/wp\/v2\/product\/7467\/revisions\/7471"}],"wp:featuredmedia":[{"embeddable":true,"href":"https:\/\/mustveepuukool.ee\/et\/wp-json\/wp\/v2\/media\/7468"}],"wp:attachment":[{"href":"https:\/\/mustveepuukool.ee\/et\/wp-json\/wp\/v2\/media?parent=7467"}],"wp:term":[{"taxonomy":"product_brand","embeddable":true,"href":"https:\/\/mustveepuukool.ee\/et\/wp-json\/wp\/v2\/product_brand?post=7467"},{"taxonomy":"product_cat","embeddable":true,"href":"https:\/\/mustveepuukool.ee\/et\/wp-json\/wp\/v2\/product_cat?post=7467"},{"taxonomy":"product_tag","embeddable":true,"href":"https:\/\/mustveepuukool.ee\/et\/wp-json\/wp\/v2\/product_tag?post=7467"}],"curies":[{"name":"wp","href":"https:\/\/api.w.org\/{rel}","templated":true}]}}