{"id":748,"date":"2024-01-20T19:14:07","date_gmt":"2024-01-20T19:14:07","guid":{"rendered":"https:\/\/mustveepuukool.ee\/?post_type=product&#038;p=748"},"modified":"2026-01-19T16:51:08","modified_gmt":"2026-01-19T16:51:08","slug":"stephanandra-incisa-crispa","status":"publish","type":"product","link":"https:\/\/mustveepuukool.ee\/et\/shop\/taimed\/ilupoosad\/muud-ilupoosad\/stephanandra-incisa-crispa\/","title":{"rendered":"Stephanandra incisa  &#8216;Crispa&#8217;"},"content":{"rendered":"<p>V\u00e4ikeste valgete \u00f5itega m\u00f6\u00f6da maad laiuv p\u00f5\u00f5sas. Dekoratiivsed kaarjad v\u00f5rsed. S\u00fcgisv\u00e4rvus varieerub kollasest oran\u017eikate toonideni.<\/p>","protected":false},"excerpt":{"rendered":"<p>V\u00f5nk-p\u00e4rgenelas<br \/>\u2191 60cm <br \/>\u2194 80cm <br \/>\u25d1\u3007 <br \/>\ua564 juuni-juuli <br \/>&#8212; 29\u00b0C (5 tsoon)<\/p>","protected":false},"featured_media":749,"template":"","meta":[],"product_brand":[],"product_cat":[127],"product_tag":[],"class_list":{"0":"post-748","1":"product","2":"type-product","3":"status-publish","4":"has-post-thumbnail","6":"product_cat-muud-ilupoosad","7":"pa_suurus-1l-pott","8":"pa_suurus-3l-pott","10":"first","11":"outofstock","12":"shipping-taxable","13":"purchasable","14":"product-type-variable","15":"has-default-attributes"},"jetpack_sharing_enabled":true,"_links":{"self":[{"href":"https:\/\/mustveepuukool.ee\/et\/wp-json\/wp\/v2\/product\/748","targetHints":{"allow":["GET"]}}],"collection":[{"href":"https:\/\/mustveepuukool.ee\/et\/wp-json\/wp\/v2\/product"}],"about":[{"href":"https:\/\/mustveepuukool.ee\/et\/wp-json\/wp\/v2\/types\/product"}],"version-history":[{"count":1,"href":"https:\/\/mustveepuukool.ee\/et\/wp-json\/wp\/v2\/product\/748\/revisions"}],"predecessor-version":[{"id":4827,"href":"https:\/\/mustveepuukool.ee\/et\/wp-json\/wp\/v2\/product\/748\/revisions\/4827"}],"wp:featuredmedia":[{"embeddable":true,"href":"https:\/\/mustveepuukool.ee\/et\/wp-json\/wp\/v2\/media\/749"}],"wp:attachment":[{"href":"https:\/\/mustveepuukool.ee\/et\/wp-json\/wp\/v2\/media?parent=748"}],"wp:term":[{"taxonomy":"product_brand","embeddable":true,"href":"https:\/\/mustveepuukool.ee\/et\/wp-json\/wp\/v2\/product_brand?post=748"},{"taxonomy":"product_cat","embeddable":true,"href":"https:\/\/mustveepuukool.ee\/et\/wp-json\/wp\/v2\/product_cat?post=748"},{"taxonomy":"product_tag","embeddable":true,"href":"https:\/\/mustveepuukool.ee\/et\/wp-json\/wp\/v2\/product_tag?post=748"}],"curies":[{"name":"wp","href":"https:\/\/api.w.org\/{rel}","templated":true}]}}