{"id":751,"date":"2024-01-20T19:25:57","date_gmt":"2024-01-20T19:25:57","guid":{"rendered":"https:\/\/mustveepuukool.ee\/?post_type=product&#038;p=751"},"modified":"2026-01-21T14:50:10","modified_gmt":"2026-01-21T14:50:10","slug":"cimicifuga-ramosa-pink-spike","status":"publish","type":"product","link":"https:\/\/mustveepuukool.ee\/et\/shop\/taimed\/pusikud\/muud-pusikud\/cimicifuga-ramosa-pink-spike\/","title":{"rendered":"Cimicifuga ramosa &#8216;Pink Spike&#8217;"},"content":{"rendered":"<p>Pikad, pudeliharja meenutavad aromaatsed ja roosakasvalged \u00f5isikud tulevad erakordselt h\u00e4sti esile purpurmustade lehtede taustal. Pilgup\u00fc\u00fcdja. V\u00e4hen\u00f5udlik.<\/p>","protected":false},"excerpt":{"rendered":"<p>Haruline lursslill<br \/>\u2191 1-1,5 m <br \/>\u25d1\u3007 <br \/>\ua564 august-oktoober <br \/>&#8212; 29\u00b0C (5 tsoon)<\/p>","protected":false},"featured_media":752,"template":"","meta":[],"product_brand":[],"product_cat":[111],"product_tag":[],"class_list":{"0":"post-751","1":"product","2":"type-product","3":"status-publish","4":"has-post-thumbnail","6":"product_cat-muud-pusikud","7":"pa_suurus-2l-pott","9":"first","10":"outofstock","11":"shipping-taxable","12":"purchasable","13":"product-type-variable","14":"has-default-attributes"},"jetpack_sharing_enabled":true,"_links":{"self":[{"href":"https:\/\/mustveepuukool.ee\/et\/wp-json\/wp\/v2\/product\/751","targetHints":{"allow":["GET"]}}],"collection":[{"href":"https:\/\/mustveepuukool.ee\/et\/wp-json\/wp\/v2\/product"}],"about":[{"href":"https:\/\/mustveepuukool.ee\/et\/wp-json\/wp\/v2\/types\/product"}],"version-history":[{"count":1,"href":"https:\/\/mustveepuukool.ee\/et\/wp-json\/wp\/v2\/product\/751\/revisions"}],"predecessor-version":[{"id":5453,"href":"https:\/\/mustveepuukool.ee\/et\/wp-json\/wp\/v2\/product\/751\/revisions\/5453"}],"wp:featuredmedia":[{"embeddable":true,"href":"https:\/\/mustveepuukool.ee\/et\/wp-json\/wp\/v2\/media\/752"}],"wp:attachment":[{"href":"https:\/\/mustveepuukool.ee\/et\/wp-json\/wp\/v2\/media?parent=751"}],"wp:term":[{"taxonomy":"product_brand","embeddable":true,"href":"https:\/\/mustveepuukool.ee\/et\/wp-json\/wp\/v2\/product_brand?post=751"},{"taxonomy":"product_cat","embeddable":true,"href":"https:\/\/mustveepuukool.ee\/et\/wp-json\/wp\/v2\/product_cat?post=751"},{"taxonomy":"product_tag","embeddable":true,"href":"https:\/\/mustveepuukool.ee\/et\/wp-json\/wp\/v2\/product_tag?post=751"}],"curies":[{"name":"wp","href":"https:\/\/api.w.org\/{rel}","templated":true}]}}