{"id":7527,"date":"2025-02-13T20:06:06","date_gmt":"2025-02-13T20:06:06","guid":{"rendered":"https:\/\/mustveepuukool.ee\/?post_type=product&#038;p=7527"},"modified":"2026-01-21T14:42:45","modified_gmt":"2026-01-21T14:42:45","slug":"sedum-spurium-purpurteppich","status":"publish","type":"product","link":"https:\/\/mustveepuukool.ee\/et\/shop\/taimed\/pusikud\/kukeharjad\/sedum-spurium-purpurteppich\/","title":{"rendered":"Sedum spurium &#8216;Purpurteppich&#8217;"},"content":{"rendered":"<p>Igihaljas. Pinnakatja. Lehed on pronksi tooniga. \u00d5ited on tumeroosad. Dekoratiivne l\u00e4bi hooaja. \u00dcks viimaseid, kes \u00f5itseb kuni k\u00fclmadeni. Meelitab aeda tolmendajad. V\u00e4hen\u00f5udlik. P\u00f5uakindel.<\/p>","protected":false},"excerpt":{"rendered":"<p>Roomav kukehari<br \/>\u2191 \u00f5iega 15 cm <br \/>\u2194 40cm <br \/>\u25d1\u3007 <br \/>\ua564 juuli-oktoober <br \/>&#8212; 29\u00b0C (5 tsoon)<\/p>","protected":false},"featured_media":7528,"template":"","meta":[],"product_brand":[],"product_cat":[166],"product_tag":[],"class_list":{"0":"post-7527","1":"product","2":"type-product","3":"status-publish","4":"has-post-thumbnail","6":"product_cat-kukeharjad","7":"pa_suurus-9cm-pott","9":"first","10":"outofstock","11":"shipping-taxable","12":"purchasable","13":"product-type-variable","14":"has-default-attributes"},"jetpack_sharing_enabled":true,"_links":{"self":[{"href":"https:\/\/mustveepuukool.ee\/et\/wp-json\/wp\/v2\/product\/7527","targetHints":{"allow":["GET"]}}],"collection":[{"href":"https:\/\/mustveepuukool.ee\/et\/wp-json\/wp\/v2\/product"}],"about":[{"href":"https:\/\/mustveepuukool.ee\/et\/wp-json\/wp\/v2\/types\/product"}],"version-history":[{"count":2,"href":"https:\/\/mustveepuukool.ee\/et\/wp-json\/wp\/v2\/product\/7527\/revisions"}],"predecessor-version":[{"id":7531,"href":"https:\/\/mustveepuukool.ee\/et\/wp-json\/wp\/v2\/product\/7527\/revisions\/7531"}],"wp:featuredmedia":[{"embeddable":true,"href":"https:\/\/mustveepuukool.ee\/et\/wp-json\/wp\/v2\/media\/7528"}],"wp:attachment":[{"href":"https:\/\/mustveepuukool.ee\/et\/wp-json\/wp\/v2\/media?parent=7527"}],"wp:term":[{"taxonomy":"product_brand","embeddable":true,"href":"https:\/\/mustveepuukool.ee\/et\/wp-json\/wp\/v2\/product_brand?post=7527"},{"taxonomy":"product_cat","embeddable":true,"href":"https:\/\/mustveepuukool.ee\/et\/wp-json\/wp\/v2\/product_cat?post=7527"},{"taxonomy":"product_tag","embeddable":true,"href":"https:\/\/mustveepuukool.ee\/et\/wp-json\/wp\/v2\/product_tag?post=7527"}],"curies":[{"name":"wp","href":"https:\/\/api.w.org\/{rel}","templated":true}]}}