{"id":7542,"date":"2025-02-13T20:43:58","date_gmt":"2025-02-13T20:43:58","guid":{"rendered":"https:\/\/mustveepuukool.ee\/?post_type=product&#038;p=7542"},"modified":"2026-01-21T14:42:45","modified_gmt":"2026-01-21T14:42:45","slug":"sedum-spurium-spot-on-deep-rose","status":"publish","type":"product","link":"https:\/\/mustveepuukool.ee\/et\/shop\/taimed\/pusikud\/kukeharjad\/sedum-spurium-spot-on-deep-rose\/","title":{"rendered":"Sedum spurium &#8216;Spot on Deep Rose&#8217;"},"content":{"rendered":"<p>Igihaljas. Pinnakatja. Lehed on pronksi tooniga. \u00d5ited on tumeroosad. Dekoratiivne l\u00e4bi hooaja. \u00dcks viimaseid, kes \u00f5itseb kuni k\u00fclmadeni. Meelitab aeda tolmendajad. V\u00e4hen\u00f5udlik. P\u00f5uakindel.<\/p>","protected":false},"excerpt":{"rendered":"<p>Roomav kukehari<br \/>\u2191 15 cm <br \/>\u2194 45 cm <br \/>\u25d1\u3007 <br \/>\ua564 juuli-oktoober <br \/>&#8212; 29\u00b0C (5 tsoon)<\/p>","protected":false},"featured_media":7543,"template":"","meta":[],"product_brand":[],"product_cat":[166],"product_tag":[],"class_list":{"0":"post-7542","1":"product","2":"type-product","3":"status-publish","4":"has-post-thumbnail","6":"product_cat-kukeharjad","8":"first","9":"outofstock","10":"shipping-taxable","11":"purchasable","12":"product-type-simple"},"jetpack_sharing_enabled":true,"_links":{"self":[{"href":"https:\/\/mustveepuukool.ee\/et\/wp-json\/wp\/v2\/product\/7542","targetHints":{"allow":["GET"]}}],"collection":[{"href":"https:\/\/mustveepuukool.ee\/et\/wp-json\/wp\/v2\/product"}],"about":[{"href":"https:\/\/mustveepuukool.ee\/et\/wp-json\/wp\/v2\/types\/product"}],"version-history":[{"count":3,"href":"https:\/\/mustveepuukool.ee\/et\/wp-json\/wp\/v2\/product\/7542\/revisions"}],"predecessor-version":[{"id":8595,"href":"https:\/\/mustveepuukool.ee\/et\/wp-json\/wp\/v2\/product\/7542\/revisions\/8595"}],"wp:featuredmedia":[{"embeddable":true,"href":"https:\/\/mustveepuukool.ee\/et\/wp-json\/wp\/v2\/media\/7543"}],"wp:attachment":[{"href":"https:\/\/mustveepuukool.ee\/et\/wp-json\/wp\/v2\/media?parent=7542"}],"wp:term":[{"taxonomy":"product_brand","embeddable":true,"href":"https:\/\/mustveepuukool.ee\/et\/wp-json\/wp\/v2\/product_brand?post=7542"},{"taxonomy":"product_cat","embeddable":true,"href":"https:\/\/mustveepuukool.ee\/et\/wp-json\/wp\/v2\/product_cat?post=7542"},{"taxonomy":"product_tag","embeddable":true,"href":"https:\/\/mustveepuukool.ee\/et\/wp-json\/wp\/v2\/product_tag?post=7542"}],"curies":[{"name":"wp","href":"https:\/\/api.w.org\/{rel}","templated":true}]}}