{"id":755,"date":"2024-01-20T19:33:14","date_gmt":"2024-01-20T19:33:14","guid":{"rendered":"https:\/\/mustveepuukool.ee\/?post_type=product&#038;p=755"},"modified":"2026-01-21T14:50:10","modified_gmt":"2026-01-21T14:50:10","slug":"rodgersia-podophylla-braunlaub","status":"publish","type":"product","link":"https:\/\/mustveepuukool.ee\/et\/shop\/taimed\/pusikud\/muud-pusikud\/rodgersia-podophylla-braunlaub\/","title":{"rendered":"Rodgersia podophylla  &#8216;Braunlaub&#8217;"},"content":{"rendered":"<p>Kevadel on lehestik pronksjas, suvel muutub roheliseks. Suured lehed meenutavad v\u00e4limuselt hobukastani lehti, koosnedes ise seitsmest \u00fcksikust lehekesest. Kreemjasvalged, vahel heleroosad \u00f5ied \u00f5itsevad astilbele sarnastes \u00f5isikutes.<\/p>","protected":false},"excerpt":{"rendered":"<p>Jaapani rodgersia<br \/>\u219180-100cm <br \/>\u219480cm <br \/>\u25cf\u25d1\u3007 <br \/>\ua564 juuni <br \/>-29\u00b0C (5 tsoon)<\/p>","protected":false},"featured_media":756,"template":"","meta":[],"product_brand":[],"product_cat":[111],"product_tag":[],"class_list":{"0":"post-755","1":"product","2":"type-product","3":"status-publish","4":"has-post-thumbnail","6":"product_cat-muud-pusikud","8":"first","9":"outofstock","10":"shipping-taxable","11":"purchasable","12":"product-type-simple"},"jetpack_sharing_enabled":true,"_links":{"self":[{"href":"https:\/\/mustveepuukool.ee\/et\/wp-json\/wp\/v2\/product\/755","targetHints":{"allow":["GET"]}}],"collection":[{"href":"https:\/\/mustveepuukool.ee\/et\/wp-json\/wp\/v2\/product"}],"about":[{"href":"https:\/\/mustveepuukool.ee\/et\/wp-json\/wp\/v2\/types\/product"}],"version-history":[{"count":1,"href":"https:\/\/mustveepuukool.ee\/et\/wp-json\/wp\/v2\/product\/755\/revisions"}],"predecessor-version":[{"id":9257,"href":"https:\/\/mustveepuukool.ee\/et\/wp-json\/wp\/v2\/product\/755\/revisions\/9257"}],"wp:featuredmedia":[{"embeddable":true,"href":"https:\/\/mustveepuukool.ee\/et\/wp-json\/wp\/v2\/media\/756"}],"wp:attachment":[{"href":"https:\/\/mustveepuukool.ee\/et\/wp-json\/wp\/v2\/media?parent=755"}],"wp:term":[{"taxonomy":"product_brand","embeddable":true,"href":"https:\/\/mustveepuukool.ee\/et\/wp-json\/wp\/v2\/product_brand?post=755"},{"taxonomy":"product_cat","embeddable":true,"href":"https:\/\/mustveepuukool.ee\/et\/wp-json\/wp\/v2\/product_cat?post=755"},{"taxonomy":"product_tag","embeddable":true,"href":"https:\/\/mustveepuukool.ee\/et\/wp-json\/wp\/v2\/product_tag?post=755"}],"curies":[{"name":"wp","href":"https:\/\/api.w.org\/{rel}","templated":true}]}}