{"id":7557,"date":"2025-02-14T10:51:06","date_gmt":"2025-02-14T10:51:06","guid":{"rendered":"https:\/\/mustveepuukool.ee\/?post_type=product&#038;p=7557"},"modified":"2026-01-21T14:42:45","modified_gmt":"2026-01-21T14:42:45","slug":"sempervivum-silber-karneol","status":"publish","type":"product","link":"https:\/\/mustveepuukool.ee\/et\/shop\/taimed\/pusikud\/muud-pusikud\/sempervivum-silber-karneol\/","title":{"rendered":"Sempervivum &#8216;Silber Karneol&#8217;"},"content":{"rendered":"<p>Igihaljas. Pinnakatja. \u00d5ied on valged-roosad. Lehed on rohelise-kreemikaid. Dekoratiivne l\u00e4bi hooaja. Meelitab aeda tolmendajad. V\u00e4hen\u00f5udlik.<\/p>","protected":false},"excerpt":{"rendered":"<p>Varjukivirik<br \/>\u2191 \u00f5iega 15 cm <br \/>\u2194 40cm <br \/>\u25d1\u3007 <br \/>\ua564 juuli-oktoober <br \/>&#8212; 29\u00b0C (5 tsoon)<\/p>","protected":false},"featured_media":7562,"template":"","meta":[],"product_brand":[],"product_cat":[111],"product_tag":[],"class_list":{"0":"post-7557","1":"product","2":"type-product","3":"status-publish","4":"has-post-thumbnail","6":"product_cat-muud-pusikud","7":"pa_suurus-9cm-pott","9":"first","10":"outofstock","11":"shipping-taxable","12":"purchasable","13":"product-type-variable","14":"has-default-attributes"},"jetpack_sharing_enabled":true,"_links":{"self":[{"href":"https:\/\/mustveepuukool.ee\/et\/wp-json\/wp\/v2\/product\/7557","targetHints":{"allow":["GET"]}}],"collection":[{"href":"https:\/\/mustveepuukool.ee\/et\/wp-json\/wp\/v2\/product"}],"about":[{"href":"https:\/\/mustveepuukool.ee\/et\/wp-json\/wp\/v2\/types\/product"}],"version-history":[{"count":2,"href":"https:\/\/mustveepuukool.ee\/et\/wp-json\/wp\/v2\/product\/7557\/revisions"}],"predecessor-version":[{"id":7561,"href":"https:\/\/mustveepuukool.ee\/et\/wp-json\/wp\/v2\/product\/7557\/revisions\/7561"}],"wp:featuredmedia":[{"embeddable":true,"href":"https:\/\/mustveepuukool.ee\/et\/wp-json\/wp\/v2\/media\/7562"}],"wp:attachment":[{"href":"https:\/\/mustveepuukool.ee\/et\/wp-json\/wp\/v2\/media?parent=7557"}],"wp:term":[{"taxonomy":"product_brand","embeddable":true,"href":"https:\/\/mustveepuukool.ee\/et\/wp-json\/wp\/v2\/product_brand?post=7557"},{"taxonomy":"product_cat","embeddable":true,"href":"https:\/\/mustveepuukool.ee\/et\/wp-json\/wp\/v2\/product_cat?post=7557"},{"taxonomy":"product_tag","embeddable":true,"href":"https:\/\/mustveepuukool.ee\/et\/wp-json\/wp\/v2\/product_tag?post=7557"}],"curies":[{"name":"wp","href":"https:\/\/api.w.org\/{rel}","templated":true}]}}