{"id":757,"date":"2024-01-20T19:36:39","date_gmt":"2024-01-20T19:36:39","guid":{"rendered":"https:\/\/mustveepuukool.ee\/?post_type=product&#038;p=757"},"modified":"2026-01-19T16:40:30","modified_gmt":"2026-01-19T16:40:30","slug":"imperata-cylindrica-red-baron","status":"publish","type":"product","link":"https:\/\/mustveepuukool.ee\/et\/shop\/taimed\/korrelised\/muud-korrelised\/imperata-cylindrica-red-baron\/","title":{"rendered":"Imperata cylindrica &#8216;Red Baron&#8217;"},"content":{"rendered":"<p>Silmapaistvate punaste lehetippudega k\u00f5rreline.<br \/>Pilgup\u00fc\u00fcdja! Ei ole invasiivne. \u00c4rkab kevadel v\u00e4ga hilja! V\u00e4hen\u00f5udlik.<\/p>","protected":false},"excerpt":{"rendered":"<p>Harilik alang<br \/>\u2191 30-40 cm <br \/>\u2194 30-45 cm <br \/>\u25d1\u3007 <br \/>&#8212; 29\u00b0C (5 tsoon)<\/p>","protected":false},"featured_media":758,"template":"","meta":[],"product_brand":[],"product_cat":[116],"product_tag":[],"class_list":{"0":"post-757","1":"product","2":"type-product","3":"status-publish","4":"has-post-thumbnail","6":"product_cat-muud-korrelised","7":"pa_suurus-2l-pott","8":"pa_suurus-7cm-pott","9":"pa_suurus-9cm-pott","11":"first","12":"outofstock","13":"shipping-taxable","14":"purchasable","15":"product-type-variable","16":"has-default-attributes"},"jetpack_sharing_enabled":true,"_links":{"self":[{"href":"https:\/\/mustveepuukool.ee\/et\/wp-json\/wp\/v2\/product\/757","targetHints":{"allow":["GET"]}}],"collection":[{"href":"https:\/\/mustveepuukool.ee\/et\/wp-json\/wp\/v2\/product"}],"about":[{"href":"https:\/\/mustveepuukool.ee\/et\/wp-json\/wp\/v2\/types\/product"}],"version-history":[{"count":2,"href":"https:\/\/mustveepuukool.ee\/et\/wp-json\/wp\/v2\/product\/757\/revisions"}],"predecessor-version":[{"id":6157,"href":"https:\/\/mustveepuukool.ee\/et\/wp-json\/wp\/v2\/product\/757\/revisions\/6157"}],"wp:featuredmedia":[{"embeddable":true,"href":"https:\/\/mustveepuukool.ee\/et\/wp-json\/wp\/v2\/media\/758"}],"wp:attachment":[{"href":"https:\/\/mustveepuukool.ee\/et\/wp-json\/wp\/v2\/media?parent=757"}],"wp:term":[{"taxonomy":"product_brand","embeddable":true,"href":"https:\/\/mustveepuukool.ee\/et\/wp-json\/wp\/v2\/product_brand?post=757"},{"taxonomy":"product_cat","embeddable":true,"href":"https:\/\/mustveepuukool.ee\/et\/wp-json\/wp\/v2\/product_cat?post=757"},{"taxonomy":"product_tag","embeddable":true,"href":"https:\/\/mustveepuukool.ee\/et\/wp-json\/wp\/v2\/product_tag?post=757"}],"curies":[{"name":"wp","href":"https:\/\/api.w.org\/{rel}","templated":true}]}}