{"id":7580,"date":"2025-02-14T11:28:41","date_gmt":"2025-02-14T11:28:41","guid":{"rendered":"https:\/\/mustveepuukool.ee\/?post_type=product&#038;p=7580"},"modified":"2026-01-21T14:42:45","modified_gmt":"2026-01-21T14:42:45","slug":"solidago-gold-kind","status":"publish","type":"product","link":"https:\/\/mustveepuukool.ee\/et\/shop\/taimed\/pusikud\/muud-pusikud\/solidago-gold-kind\/","title":{"rendered":"Solidago &#8216;Gold Kind&#8217;"},"content":{"rendered":"<p>Ei ole invasiivne. \u00d5isikud kuldkollased. \u00d5itseb pikaajaliselt ja rikkalikult. Meelitab aeda tolmendajad. V\u00e4hen\u00f5udlik. P\u00f5uakindel.<\/p>","protected":false},"excerpt":{"rendered":"<p>Aed-kuldvits<br \/>\u2191 \u00f5iega 1-1,2 m<br \/>\u2194 50cm <br \/>\u25d1\u3007 <br \/>\ua564 august-oktoober <br \/>&#8212; 29\u00b0C (5 tsoon)<\/p>","protected":false},"featured_media":7581,"template":"","meta":[],"product_brand":[],"product_cat":[111],"product_tag":[],"class_list":{"0":"post-7580","1":"product","2":"type-product","3":"status-publish","4":"has-post-thumbnail","6":"product_cat-muud-pusikud","7":"pa_suurus-9cm-pott","9":"first","10":"outofstock","11":"shipping-taxable","12":"purchasable","13":"product-type-variable","14":"has-default-attributes"},"jetpack_sharing_enabled":true,"_links":{"self":[{"href":"https:\/\/mustveepuukool.ee\/et\/wp-json\/wp\/v2\/product\/7580","targetHints":{"allow":["GET"]}}],"collection":[{"href":"https:\/\/mustveepuukool.ee\/et\/wp-json\/wp\/v2\/product"}],"about":[{"href":"https:\/\/mustveepuukool.ee\/et\/wp-json\/wp\/v2\/types\/product"}],"version-history":[{"count":2,"href":"https:\/\/mustveepuukool.ee\/et\/wp-json\/wp\/v2\/product\/7580\/revisions"}],"predecessor-version":[{"id":7584,"href":"https:\/\/mustveepuukool.ee\/et\/wp-json\/wp\/v2\/product\/7580\/revisions\/7584"}],"wp:featuredmedia":[{"embeddable":true,"href":"https:\/\/mustveepuukool.ee\/et\/wp-json\/wp\/v2\/media\/7581"}],"wp:attachment":[{"href":"https:\/\/mustveepuukool.ee\/et\/wp-json\/wp\/v2\/media?parent=7580"}],"wp:term":[{"taxonomy":"product_brand","embeddable":true,"href":"https:\/\/mustveepuukool.ee\/et\/wp-json\/wp\/v2\/product_brand?post=7580"},{"taxonomy":"product_cat","embeddable":true,"href":"https:\/\/mustveepuukool.ee\/et\/wp-json\/wp\/v2\/product_cat?post=7580"},{"taxonomy":"product_tag","embeddable":true,"href":"https:\/\/mustveepuukool.ee\/et\/wp-json\/wp\/v2\/product_tag?post=7580"}],"curies":[{"name":"wp","href":"https:\/\/api.w.org\/{rel}","templated":true}]}}