{"id":7585,"date":"2025-02-14T11:41:02","date_gmt":"2025-02-14T11:41:02","guid":{"rendered":"https:\/\/mustveepuukool.ee\/?post_type=product&#038;p=7585"},"modified":"2026-01-19T16:45:25","modified_gmt":"2026-01-19T16:45:25","slug":"sorbaria-sorbifolia-sem","status":"publish","type":"product","link":"https:\/\/mustveepuukool.ee\/et\/shop\/taimed\/ilupoosad\/muud-ilupoosad\/sorbaria-sorbifolia-sem\/","title":{"rendered":"Sorbaria sorbifolia &#8216;Sem&#8217;"},"content":{"rendered":"<p>Lehed on sulgjad, kevadel roosakad, suvel kollakasroheliseks, s\u00fcgisel on erkpunane. \u00d5ited on valged. Annab palju v\u00e4hem juurev\u00f5su. Dekoratiivne l\u00e4bi hooaja. V\u00e4hen\u00f5udlik.<\/p>","protected":false},"excerpt":{"rendered":"<p>Pihlenelas<br \/>\u2191 1-1,3m <br \/>\u2194 1,5m <br \/>\u25d1\u3007 <br \/>\ua564 Juuni-juuli <br \/>&#8212; 29\u00b0C (5 tsoon)<\/p>","protected":false},"featured_media":7586,"template":"","meta":[],"product_brand":[],"product_cat":[127],"product_tag":[],"class_list":{"0":"post-7585","1":"product","2":"type-product","3":"status-publish","4":"has-post-thumbnail","6":"product_cat-muud-ilupoosad","7":"pa_suurus-9cm-pott","9":"first","10":"outofstock","11":"shipping-taxable","12":"purchasable","13":"product-type-variable","14":"has-default-attributes"},"jetpack_sharing_enabled":true,"_links":{"self":[{"href":"https:\/\/mustveepuukool.ee\/et\/wp-json\/wp\/v2\/product\/7585","targetHints":{"allow":["GET"]}}],"collection":[{"href":"https:\/\/mustveepuukool.ee\/et\/wp-json\/wp\/v2\/product"}],"about":[{"href":"https:\/\/mustveepuukool.ee\/et\/wp-json\/wp\/v2\/types\/product"}],"version-history":[{"count":2,"href":"https:\/\/mustveepuukool.ee\/et\/wp-json\/wp\/v2\/product\/7585\/revisions"}],"predecessor-version":[{"id":7589,"href":"https:\/\/mustveepuukool.ee\/et\/wp-json\/wp\/v2\/product\/7585\/revisions\/7589"}],"wp:featuredmedia":[{"embeddable":true,"href":"https:\/\/mustveepuukool.ee\/et\/wp-json\/wp\/v2\/media\/7586"}],"wp:attachment":[{"href":"https:\/\/mustveepuukool.ee\/et\/wp-json\/wp\/v2\/media?parent=7585"}],"wp:term":[{"taxonomy":"product_brand","embeddable":true,"href":"https:\/\/mustveepuukool.ee\/et\/wp-json\/wp\/v2\/product_brand?post=7585"},{"taxonomy":"product_cat","embeddable":true,"href":"https:\/\/mustveepuukool.ee\/et\/wp-json\/wp\/v2\/product_cat?post=7585"},{"taxonomy":"product_tag","embeddable":true,"href":"https:\/\/mustveepuukool.ee\/et\/wp-json\/wp\/v2\/product_tag?post=7585"}],"curies":[{"name":"wp","href":"https:\/\/api.w.org\/{rel}","templated":true}]}}