{"id":7645,"date":"2025-02-15T18:47:27","date_gmt":"2025-02-15T18:47:27","guid":{"rendered":"https:\/\/mustveepuukool.ee\/?post_type=product&#038;p=7645"},"modified":"2026-01-21T14:42:45","modified_gmt":"2026-01-21T14:42:45","slug":"thalictrum-rochebrunianum","status":"publish","type":"product","link":"https:\/\/mustveepuukool.ee\/et\/shop\/taimed\/pusikud\/muud-pusikud\/thalictrum-rochebrunianum\/","title":{"rendered":"Thalictrum Rochebrunianum"},"content":{"rendered":"<p>\u00d5ied lillakas-roosad. Lehed on sulgjad. \u00d5ievarred tume-lillad. Eelistab niiskus ja varjukoht. V\u00e4hen\u00f5udlik. Meelitab ligi kasulikke putukaid.<\/p>","protected":false},"excerpt":{"rendered":"<p>Nipponi \u00e4ngelhein<br \/>\u2191 \u00f5iega1,5m <br \/>\u2194 50cm <br \/>\u25d1\u3007 <br \/>\ua564 juuli-august <br \/>&#8212; 29\u00b0C (5 tsoon)<\/p>","protected":false},"featured_media":7646,"template":"","meta":[],"product_brand":[],"product_cat":[111],"product_tag":[],"class_list":{"0":"post-7645","1":"product","2":"type-product","3":"status-publish","4":"has-post-thumbnail","6":"product_cat-muud-pusikud","7":"pa_suurus-9cm-pott","9":"first","10":"outofstock","11":"shipping-taxable","12":"purchasable","13":"product-type-variable","14":"has-default-attributes"},"jetpack_sharing_enabled":true,"_links":{"self":[{"href":"https:\/\/mustveepuukool.ee\/et\/wp-json\/wp\/v2\/product\/7645","targetHints":{"allow":["GET"]}}],"collection":[{"href":"https:\/\/mustveepuukool.ee\/et\/wp-json\/wp\/v2\/product"}],"about":[{"href":"https:\/\/mustveepuukool.ee\/et\/wp-json\/wp\/v2\/types\/product"}],"version-history":[{"count":2,"href":"https:\/\/mustveepuukool.ee\/et\/wp-json\/wp\/v2\/product\/7645\/revisions"}],"predecessor-version":[{"id":7649,"href":"https:\/\/mustveepuukool.ee\/et\/wp-json\/wp\/v2\/product\/7645\/revisions\/7649"}],"wp:featuredmedia":[{"embeddable":true,"href":"https:\/\/mustveepuukool.ee\/et\/wp-json\/wp\/v2\/media\/7646"}],"wp:attachment":[{"href":"https:\/\/mustveepuukool.ee\/et\/wp-json\/wp\/v2\/media?parent=7645"}],"wp:term":[{"taxonomy":"product_brand","embeddable":true,"href":"https:\/\/mustveepuukool.ee\/et\/wp-json\/wp\/v2\/product_brand?post=7645"},{"taxonomy":"product_cat","embeddable":true,"href":"https:\/\/mustveepuukool.ee\/et\/wp-json\/wp\/v2\/product_cat?post=7645"},{"taxonomy":"product_tag","embeddable":true,"href":"https:\/\/mustveepuukool.ee\/et\/wp-json\/wp\/v2\/product_tag?post=7645"}],"curies":[{"name":"wp","href":"https:\/\/api.w.org\/{rel}","templated":true}]}}