{"id":7665,"date":"2025-02-15T19:08:25","date_gmt":"2025-02-15T19:08:25","guid":{"rendered":"https:\/\/mustveepuukool.ee\/?post_type=product&#038;p=7665"},"modified":"2026-01-19T16:43:14","modified_gmt":"2026-01-19T16:43:14","slug":"thymus-serpyllum","status":"publish","type":"product","link":"https:\/\/mustveepuukool.ee\/et\/shop\/taimed\/urdid\/thymus-serpyllum\/","title":{"rendered":"Thymus serpyllum"},"content":{"rendered":"<p>Ilu, ravim- ja maitsetaim. Pinnakatja. Igihaljas. \u00d5ied violetsed. Lehed aromaatsed, tumerohelised. Meelitab aeda tolmendajad. V\u00e4hen\u00f5udlik. P\u00f5uakindel.<\/p>","protected":false},"excerpt":{"rendered":"<p>N\u00f5mm-liivatee<br \/>\u2191 \u00f5iega 5cm <br \/>\u25d1\u3007 <br \/>\ua564 juuni-juuli <br \/>&#8212; 29\u00b0C (5 tsoon)<\/p>","protected":false},"featured_media":7666,"template":"","meta":[],"product_brand":[],"product_cat":[29],"product_tag":[],"class_list":{"0":"post-7665","1":"product","2":"type-product","3":"status-publish","4":"has-post-thumbnail","6":"product_cat-urdid","7":"pa_suurus-9cm-pott","9":"first","10":"outofstock","11":"shipping-taxable","12":"purchasable","13":"product-type-variable","14":"has-default-attributes"},"jetpack_sharing_enabled":true,"_links":{"self":[{"href":"https:\/\/mustveepuukool.ee\/et\/wp-json\/wp\/v2\/product\/7665","targetHints":{"allow":["GET"]}}],"collection":[{"href":"https:\/\/mustveepuukool.ee\/et\/wp-json\/wp\/v2\/product"}],"about":[{"href":"https:\/\/mustveepuukool.ee\/et\/wp-json\/wp\/v2\/types\/product"}],"version-history":[{"count":2,"href":"https:\/\/mustveepuukool.ee\/et\/wp-json\/wp\/v2\/product\/7665\/revisions"}],"predecessor-version":[{"id":7669,"href":"https:\/\/mustveepuukool.ee\/et\/wp-json\/wp\/v2\/product\/7665\/revisions\/7669"}],"wp:featuredmedia":[{"embeddable":true,"href":"https:\/\/mustveepuukool.ee\/et\/wp-json\/wp\/v2\/media\/7666"}],"wp:attachment":[{"href":"https:\/\/mustveepuukool.ee\/et\/wp-json\/wp\/v2\/media?parent=7665"}],"wp:term":[{"taxonomy":"product_brand","embeddable":true,"href":"https:\/\/mustveepuukool.ee\/et\/wp-json\/wp\/v2\/product_brand?post=7665"},{"taxonomy":"product_cat","embeddable":true,"href":"https:\/\/mustveepuukool.ee\/et\/wp-json\/wp\/v2\/product_cat?post=7665"},{"taxonomy":"product_tag","embeddable":true,"href":"https:\/\/mustveepuukool.ee\/et\/wp-json\/wp\/v2\/product_tag?post=7665"}],"curies":[{"name":"wp","href":"https:\/\/api.w.org\/{rel}","templated":true}]}}