{"id":7706,"date":"2025-02-15T19:45:32","date_gmt":"2025-02-15T19:45:32","guid":{"rendered":"https:\/\/mustveepuukool.ee\/?post_type=product&#038;p=7706"},"modified":"2026-04-13T07:44:22","modified_gmt":"2026-04-13T07:44:22","slug":"vaccinium-corymbosum-colour-bells-blue","status":"publish","type":"product","link":"https:\/\/mustveepuukool.ee\/et\/shop\/taimed\/viljapuud-ja-marjad\/mustika\/vaccinium-corymbosum-colour-bells-blue\/","title":{"rendered":"Vaccinium corymbosum &#8216;Colour Bells Blue&#8217;"},"content":{"rendered":"<p>S\u00f6\u00f6dav ja ilutaim. V\u00e4ga varajane. V\u00e4ga suured marjad valmivad juuni l\u00f5pus-augustis. V\u00e4ga j\u00f5ulise kasvu ja suure saagikusega p\u00f5\u00f5sas. Ilus oran\u017eikas-kollane s\u00fcgisv\u00e4rvus. Dekoratiivne l\u00e4bi hooaja. Meelitab aeda tolmendajad. V\u00e4hen\u00f5udlik. Hapu muld.<\/p>","protected":false},"excerpt":{"rendered":"<p>K\u00e4nnasmustikas, kultuurmustikas<br \/>\u2191 1,5 m <br \/>\u2194 1,5 m <br \/>\u25d1\u3007 <br \/>\ua564 mai <br \/>&#8212; 29\u00b0C (5 tsoon)<\/p>","protected":false},"featured_media":7707,"template":"","meta":[],"product_brand":[],"product_cat":[107],"product_tag":[],"class_list":{"0":"post-7706","1":"product","2":"type-product","3":"status-publish","4":"has-post-thumbnail","6":"product_cat-mustika","7":"pa_suurus-30-50-cm","9":"first","10":"instock","11":"shipping-taxable","12":"purchasable","13":"product-type-variable","14":"has-default-attributes"},"jetpack_sharing_enabled":true,"_links":{"self":[{"href":"https:\/\/mustveepuukool.ee\/et\/wp-json\/wp\/v2\/product\/7706","targetHints":{"allow":["GET"]}}],"collection":[{"href":"https:\/\/mustveepuukool.ee\/et\/wp-json\/wp\/v2\/product"}],"about":[{"href":"https:\/\/mustveepuukool.ee\/et\/wp-json\/wp\/v2\/types\/product"}],"version-history":[{"count":2,"href":"https:\/\/mustveepuukool.ee\/et\/wp-json\/wp\/v2\/product\/7706\/revisions"}],"predecessor-version":[{"id":7710,"href":"https:\/\/mustveepuukool.ee\/et\/wp-json\/wp\/v2\/product\/7706\/revisions\/7710"}],"wp:featuredmedia":[{"embeddable":true,"href":"https:\/\/mustveepuukool.ee\/et\/wp-json\/wp\/v2\/media\/7707"}],"wp:attachment":[{"href":"https:\/\/mustveepuukool.ee\/et\/wp-json\/wp\/v2\/media?parent=7706"}],"wp:term":[{"taxonomy":"product_brand","embeddable":true,"href":"https:\/\/mustveepuukool.ee\/et\/wp-json\/wp\/v2\/product_brand?post=7706"},{"taxonomy":"product_cat","embeddable":true,"href":"https:\/\/mustveepuukool.ee\/et\/wp-json\/wp\/v2\/product_cat?post=7706"},{"taxonomy":"product_tag","embeddable":true,"href":"https:\/\/mustveepuukool.ee\/et\/wp-json\/wp\/v2\/product_tag?post=7706"}],"curies":[{"name":"wp","href":"https:\/\/api.w.org\/{rel}","templated":true}]}}