{"id":7757,"date":"2025-02-17T11:26:55","date_gmt":"2025-02-17T11:26:55","guid":{"rendered":"https:\/\/mustveepuukool.ee\/?post_type=product&#038;p=7757"},"modified":"2026-01-19T17:00:15","modified_gmt":"2026-01-19T17:00:15","slug":"verbena-rigida","status":"publish","type":"product","link":"https:\/\/mustveepuukool.ee\/et\/shop\/taimed\/suvelilled\/verbena-rigida\/","title":{"rendered":"Verbena rigida"},"content":{"rendered":"<p>\u00c4ge! \u00d5itseb pidevalt terve suve k\u00fclmadeni! \u00d5ied lillakas-sinised. Meie kliimas \u00f5ues ei talvitu, aga ise k\u00fclvab ja seemned talvitub v\u00f5i k\u00fclvi kevadel. Dekoratiivne l\u00e4bi hooaja. Meelitab aeda tolmendajad. V\u00e4hen\u00f5udlik.<\/p>","protected":false},"excerpt":{"rendered":"<p>Roodne raud\u00fcrt<br \/>\u2191 \u00f5itega 60 cm <br \/>\u2194 50 cm <br \/>\u25d1\u3007 <br \/>\ua564 juuni-oktoober<\/p>","protected":false},"featured_media":7758,"template":"","meta":[],"product_brand":[],"product_cat":[118],"product_tag":[],"class_list":{"0":"post-7757","1":"product","2":"type-product","3":"status-publish","4":"has-post-thumbnail","6":"product_cat-suvelilled","7":"pa_suurus-9cm-055l-pott","9":"first","10":"outofstock","11":"shipping-taxable","12":"purchasable","13":"product-type-variable","14":"has-default-attributes"},"jetpack_sharing_enabled":true,"_links":{"self":[{"href":"https:\/\/mustveepuukool.ee\/et\/wp-json\/wp\/v2\/product\/7757","targetHints":{"allow":["GET"]}}],"collection":[{"href":"https:\/\/mustveepuukool.ee\/et\/wp-json\/wp\/v2\/product"}],"about":[{"href":"https:\/\/mustveepuukool.ee\/et\/wp-json\/wp\/v2\/types\/product"}],"version-history":[{"count":2,"href":"https:\/\/mustveepuukool.ee\/et\/wp-json\/wp\/v2\/product\/7757\/revisions"}],"predecessor-version":[{"id":7761,"href":"https:\/\/mustveepuukool.ee\/et\/wp-json\/wp\/v2\/product\/7757\/revisions\/7761"}],"wp:featuredmedia":[{"embeddable":true,"href":"https:\/\/mustveepuukool.ee\/et\/wp-json\/wp\/v2\/media\/7758"}],"wp:attachment":[{"href":"https:\/\/mustveepuukool.ee\/et\/wp-json\/wp\/v2\/media?parent=7757"}],"wp:term":[{"taxonomy":"product_brand","embeddable":true,"href":"https:\/\/mustveepuukool.ee\/et\/wp-json\/wp\/v2\/product_brand?post=7757"},{"taxonomy":"product_cat","embeddable":true,"href":"https:\/\/mustveepuukool.ee\/et\/wp-json\/wp\/v2\/product_cat?post=7757"},{"taxonomy":"product_tag","embeddable":true,"href":"https:\/\/mustveepuukool.ee\/et\/wp-json\/wp\/v2\/product_tag?post=7757"}],"curies":[{"name":"wp","href":"https:\/\/api.w.org\/{rel}","templated":true}]}}