{"id":778,"date":"2024-01-22T16:00:17","date_gmt":"2024-01-22T16:00:17","guid":{"rendered":"https:\/\/mustveepuukool.ee\/?post_type=product&#038;p=778"},"modified":"2026-01-21T14:49:48","modified_gmt":"2026-01-21T14:49:48","slug":"coreopsis-verticillata-red-hot-vanilla","status":"publish","type":"product","link":"https:\/\/mustveepuukool.ee\/et\/shop\/taimed\/pusikud\/muud-pusikud\/coreopsis-verticillata-red-hot-vanilla\/","title":{"rendered":"Coreopsis verticillata &#8216;Red Hot Vanilla&#8217;"},"content":{"rendered":"<p>Pikaealised ja v\u00e4hen\u00f5udlikud taimed, mis kasvavad h\u00e4sti p\u00e4ikeselises kohas, taluvad kuumust ja kuiva. Peale \u00f5itsemist v\u00f5ib taimed tugevalt tagasi l\u00f5igata.<\/p>","protected":false},"excerpt":{"rendered":"<p>Neiusilm<br \/>\u219150-60cm <br \/>\u219455cm <br \/>\u25d1\u3007 <br \/>\ua564 aprill-oktoober <br \/>-29\u00b0C (5 tsoon)<\/p>","protected":false},"featured_media":779,"template":"","meta":[],"product_brand":[],"product_cat":[111],"product_tag":[],"class_list":{"0":"post-778","1":"product","2":"type-product","3":"status-publish","4":"has-post-thumbnail","6":"product_cat-muud-pusikud","8":"first","9":"outofstock","10":"shipping-taxable","11":"purchasable","12":"product-type-simple"},"jetpack_sharing_enabled":true,"_links":{"self":[{"href":"https:\/\/mustveepuukool.ee\/et\/wp-json\/wp\/v2\/product\/778","targetHints":{"allow":["GET"]}}],"collection":[{"href":"https:\/\/mustveepuukool.ee\/et\/wp-json\/wp\/v2\/product"}],"about":[{"href":"https:\/\/mustveepuukool.ee\/et\/wp-json\/wp\/v2\/types\/product"}],"version-history":[{"count":1,"href":"https:\/\/mustveepuukool.ee\/et\/wp-json\/wp\/v2\/product\/778\/revisions"}],"predecessor-version":[{"id":9255,"href":"https:\/\/mustveepuukool.ee\/et\/wp-json\/wp\/v2\/product\/778\/revisions\/9255"}],"wp:featuredmedia":[{"embeddable":true,"href":"https:\/\/mustveepuukool.ee\/et\/wp-json\/wp\/v2\/media\/779"}],"wp:attachment":[{"href":"https:\/\/mustveepuukool.ee\/et\/wp-json\/wp\/v2\/media?parent=778"}],"wp:term":[{"taxonomy":"product_brand","embeddable":true,"href":"https:\/\/mustveepuukool.ee\/et\/wp-json\/wp\/v2\/product_brand?post=778"},{"taxonomy":"product_cat","embeddable":true,"href":"https:\/\/mustveepuukool.ee\/et\/wp-json\/wp\/v2\/product_cat?post=778"},{"taxonomy":"product_tag","embeddable":true,"href":"https:\/\/mustveepuukool.ee\/et\/wp-json\/wp\/v2\/product_tag?post=778"}],"curies":[{"name":"wp","href":"https:\/\/api.w.org\/{rel}","templated":true}]}}