{"id":7806,"date":"2025-02-17T14:06:12","date_gmt":"2025-02-17T14:06:12","guid":{"rendered":"https:\/\/mustveepuukool.ee\/?post_type=product&#038;p=7806"},"modified":"2026-01-21T14:41:56","modified_gmt":"2026-01-21T14:41:56","slug":"veronicastrum-virginicum-album","status":"publish","type":"product","link":"https:\/\/mustveepuukool.ee\/et\/shop\/taimed\/pusikud\/mailased\/veronicastrum-virginicum-album\/","title":{"rendered":"Veronicastrum virginicum  &#8216;Album&#8217;"},"content":{"rendered":"<p>\u00d5ied valged. \u00d5itseb pikaajliselt ja rikkalikult. Dekoratiivne l\u00e4bi hooaja. Meelitab aeda tolmendajad. V\u00e4hen\u00f5udlik.<\/p>","protected":false},"excerpt":{"rendered":"<p>Virgiinia m\u00e4nnasmailane<br \/>\u2191 \u00f5iega 1,5 m <br \/>\u2194 80 \u0441m <br \/>\u25d1\u3007 <br \/>\ua564 juuli-august <br \/>&#8212; 29\u00b0C (5 tsoon)<\/p>","protected":false},"featured_media":7807,"template":"","meta":[],"product_brand":[],"product_cat":[177],"product_tag":[],"class_list":{"0":"post-7806","1":"product","2":"type-product","3":"status-publish","4":"has-post-thumbnail","6":"product_cat-mailased","8":"first","9":"outofstock","10":"shipping-taxable","11":"purchasable","12":"product-type-simple"},"jetpack_sharing_enabled":true,"_links":{"self":[{"href":"https:\/\/mustveepuukool.ee\/et\/wp-json\/wp\/v2\/product\/7806","targetHints":{"allow":["GET"]}}],"collection":[{"href":"https:\/\/mustveepuukool.ee\/et\/wp-json\/wp\/v2\/product"}],"about":[{"href":"https:\/\/mustveepuukool.ee\/et\/wp-json\/wp\/v2\/types\/product"}],"version-history":[{"count":2,"href":"https:\/\/mustveepuukool.ee\/et\/wp-json\/wp\/v2\/product\/7806\/revisions"}],"predecessor-version":[{"id":7810,"href":"https:\/\/mustveepuukool.ee\/et\/wp-json\/wp\/v2\/product\/7806\/revisions\/7810"}],"wp:featuredmedia":[{"embeddable":true,"href":"https:\/\/mustveepuukool.ee\/et\/wp-json\/wp\/v2\/media\/7807"}],"wp:attachment":[{"href":"https:\/\/mustveepuukool.ee\/et\/wp-json\/wp\/v2\/media?parent=7806"}],"wp:term":[{"taxonomy":"product_brand","embeddable":true,"href":"https:\/\/mustveepuukool.ee\/et\/wp-json\/wp\/v2\/product_brand?post=7806"},{"taxonomy":"product_cat","embeddable":true,"href":"https:\/\/mustveepuukool.ee\/et\/wp-json\/wp\/v2\/product_cat?post=7806"},{"taxonomy":"product_tag","embeddable":true,"href":"https:\/\/mustveepuukool.ee\/et\/wp-json\/wp\/v2\/product_tag?post=7806"}],"curies":[{"name":"wp","href":"https:\/\/api.w.org\/{rel}","templated":true}]}}