{"id":7816,"date":"2025-02-18T08:09:45","date_gmt":"2025-02-18T08:09:45","guid":{"rendered":"https:\/\/mustveepuukool.ee\/?post_type=product&#038;p=7816"},"modified":"2026-01-21T14:41:56","modified_gmt":"2026-01-21T14:41:56","slug":"vinca-minor-blue-and-gold","status":"publish","type":"product","link":"https:\/\/mustveepuukool.ee\/et\/shop\/taimed\/pusikud\/muud-pusikud\/vinca-minor-blue-and-gold\/","title":{"rendered":"Vinca minor  &#8216;Blue and Gold&#8217;"},"content":{"rendered":"<p>Igihaljas. Kirjulehine. Pinnakatja. \u00d5ied sinised. \u00d5itseb kaks korda hooajas. Dekoratiivne l\u00e4bi hooaja. Meelitab aeda tolmendajad. V\u00e4hen\u00f5udlik.<\/p>","protected":false},"excerpt":{"rendered":"<p>V\u00e4ike igihali<br \/>\u2191 \u00f5iega 15 cm <br \/>\u25d1\u3007 <br \/>\ua564 mai, august <br \/>&#8212; 29\u00b0C (5 tsoon)<\/p>","protected":false},"featured_media":7817,"template":"","meta":[],"product_brand":[],"product_cat":[111],"product_tag":[],"class_list":{"0":"post-7816","1":"product","2":"type-product","3":"status-publish","4":"has-post-thumbnail","6":"product_cat-muud-pusikud","7":"pa_suurus-9cm-055l-pott","9":"first","10":"outofstock","11":"shipping-taxable","12":"purchasable","13":"product-type-variable","14":"has-default-attributes"},"jetpack_sharing_enabled":true,"_links":{"self":[{"href":"https:\/\/mustveepuukool.ee\/et\/wp-json\/wp\/v2\/product\/7816","targetHints":{"allow":["GET"]}}],"collection":[{"href":"https:\/\/mustveepuukool.ee\/et\/wp-json\/wp\/v2\/product"}],"about":[{"href":"https:\/\/mustveepuukool.ee\/et\/wp-json\/wp\/v2\/types\/product"}],"version-history":[{"count":3,"href":"https:\/\/mustveepuukool.ee\/et\/wp-json\/wp\/v2\/product\/7816\/revisions"}],"predecessor-version":[{"id":7821,"href":"https:\/\/mustveepuukool.ee\/et\/wp-json\/wp\/v2\/product\/7816\/revisions\/7821"}],"wp:featuredmedia":[{"embeddable":true,"href":"https:\/\/mustveepuukool.ee\/et\/wp-json\/wp\/v2\/media\/7817"}],"wp:attachment":[{"href":"https:\/\/mustveepuukool.ee\/et\/wp-json\/wp\/v2\/media?parent=7816"}],"wp:term":[{"taxonomy":"product_brand","embeddable":true,"href":"https:\/\/mustveepuukool.ee\/et\/wp-json\/wp\/v2\/product_brand?post=7816"},{"taxonomy":"product_cat","embeddable":true,"href":"https:\/\/mustveepuukool.ee\/et\/wp-json\/wp\/v2\/product_cat?post=7816"},{"taxonomy":"product_tag","embeddable":true,"href":"https:\/\/mustveepuukool.ee\/et\/wp-json\/wp\/v2\/product_tag?post=7816"}],"curies":[{"name":"wp","href":"https:\/\/api.w.org\/{rel}","templated":true}]}}