{"id":786,"date":"2024-01-22T18:38:30","date_gmt":"2024-01-22T18:38:30","guid":{"rendered":"https:\/\/mustveepuukool.ee\/?post_type=product&#038;p=786"},"modified":"2026-01-21T14:49:48","modified_gmt":"2026-01-21T14:49:48","slug":"monarda-didyma-red-shades","status":"publish","type":"product","link":"https:\/\/mustveepuukool.ee\/et\/shop\/taimed\/pusikud\/muud-pusikud\/monarda-didyma-red-shades\/","title":{"rendered":"Monarda didyma &#8216;Red Shades&#8217;"},"content":{"rendered":"<p>S\u00e4ravpunastel \u00f5itel on sametine s\u00fcdamik.<\/p>","protected":false},"excerpt":{"rendered":"<p><span class=\"OYPEnA text-decoration-none text-strikethrough-none\">Aedmonarda<\/span><br \/>\u219180-90cm <br \/>\u219440cm <br \/>\u25d1\u3007 <br \/>\ua564 juuli-august <br \/>-29\u00b0C (5 tsoon)<\/p>","protected":false},"featured_media":787,"template":"","meta":[],"product_brand":[],"product_cat":[111],"product_tag":[],"class_list":{"0":"post-786","1":"product","2":"type-product","3":"status-publish","4":"has-post-thumbnail","6":"product_cat-muud-pusikud","8":"first","9":"outofstock","10":"shipping-taxable","11":"purchasable","12":"product-type-simple"},"jetpack_sharing_enabled":true,"_links":{"self":[{"href":"https:\/\/mustveepuukool.ee\/et\/wp-json\/wp\/v2\/product\/786","targetHints":{"allow":["GET"]}}],"collection":[{"href":"https:\/\/mustveepuukool.ee\/et\/wp-json\/wp\/v2\/product"}],"about":[{"href":"https:\/\/mustveepuukool.ee\/et\/wp-json\/wp\/v2\/types\/product"}],"version-history":[{"count":1,"href":"https:\/\/mustveepuukool.ee\/et\/wp-json\/wp\/v2\/product\/786\/revisions"}],"predecessor-version":[{"id":9256,"href":"https:\/\/mustveepuukool.ee\/et\/wp-json\/wp\/v2\/product\/786\/revisions\/9256"}],"wp:featuredmedia":[{"embeddable":true,"href":"https:\/\/mustveepuukool.ee\/et\/wp-json\/wp\/v2\/media\/787"}],"wp:attachment":[{"href":"https:\/\/mustveepuukool.ee\/et\/wp-json\/wp\/v2\/media?parent=786"}],"wp:term":[{"taxonomy":"product_brand","embeddable":true,"href":"https:\/\/mustveepuukool.ee\/et\/wp-json\/wp\/v2\/product_brand?post=786"},{"taxonomy":"product_cat","embeddable":true,"href":"https:\/\/mustveepuukool.ee\/et\/wp-json\/wp\/v2\/product_cat?post=786"},{"taxonomy":"product_tag","embeddable":true,"href":"https:\/\/mustveepuukool.ee\/et\/wp-json\/wp\/v2\/product_tag?post=786"}],"curies":[{"name":"wp","href":"https:\/\/api.w.org\/{rel}","templated":true}]}}