{"id":7938,"date":"2025-02-21T15:21:15","date_gmt":"2025-02-21T15:21:15","guid":{"rendered":"https:\/\/mustveepuukool.ee\/?post_type=product&#038;p=7938"},"modified":"2026-04-08T21:51:36","modified_gmt":"2026-04-08T21:51:36","slug":"prunus-armeniaca-early-orange","status":"publish","type":"product","link":"https:\/\/mustveepuukool.ee\/et\/shop\/taimed\/viljapuud-ja-marjad\/aprikoosipuud\/prunus-armeniaca-early-orange\/","title":{"rendered":"Prunus armeniaca &#8216;Early Orange&#8217;"},"content":{"rendered":"<p>K\u00f5ikse varajane sort. Eestis k\u00f5ige k\u00fclmakindlam. Isetolmlev. \u00d5ied valged. Viljad on oranz, magusad, ilusad, mahlased, juulis. Vilju hakkab kandma 3 aastaselt. Dekoratiivne l\u00e4bi hooaja. V\u00e4hen\u00f5udlik.<\/p>","protected":false},"excerpt":{"rendered":"<p>Harilik aprikoosipuu<br \/>\u2191 3-4 m <br \/>\u2194 3-4 m <br \/>\u25d1\u3007 <br \/>\ua564 aprill-mai <br \/>&#8212; 29\u00b0C (5 tsoon)<\/p>","protected":false},"featured_media":7939,"template":"","meta":[],"product_brand":[],"product_cat":[182],"product_tag":[],"class_list":{"0":"post-7938","1":"product","2":"type-product","3":"status-publish","4":"has-post-thumbnail","6":"product_cat-aprikoosipuud","7":"pa_suurus-8l-pott-suurus-1-5m","9":"first","10":"instock","11":"shipping-taxable","12":"purchasable","13":"product-type-variable","14":"has-default-attributes"},"jetpack_sharing_enabled":true,"_links":{"self":[{"href":"https:\/\/mustveepuukool.ee\/et\/wp-json\/wp\/v2\/product\/7938","targetHints":{"allow":["GET"]}}],"collection":[{"href":"https:\/\/mustveepuukool.ee\/et\/wp-json\/wp\/v2\/product"}],"about":[{"href":"https:\/\/mustveepuukool.ee\/et\/wp-json\/wp\/v2\/types\/product"}],"version-history":[{"count":2,"href":"https:\/\/mustveepuukool.ee\/et\/wp-json\/wp\/v2\/product\/7938\/revisions"}],"predecessor-version":[{"id":7942,"href":"https:\/\/mustveepuukool.ee\/et\/wp-json\/wp\/v2\/product\/7938\/revisions\/7942"}],"wp:featuredmedia":[{"embeddable":true,"href":"https:\/\/mustveepuukool.ee\/et\/wp-json\/wp\/v2\/media\/7939"}],"wp:attachment":[{"href":"https:\/\/mustveepuukool.ee\/et\/wp-json\/wp\/v2\/media?parent=7938"}],"wp:term":[{"taxonomy":"product_brand","embeddable":true,"href":"https:\/\/mustveepuukool.ee\/et\/wp-json\/wp\/v2\/product_brand?post=7938"},{"taxonomy":"product_cat","embeddable":true,"href":"https:\/\/mustveepuukool.ee\/et\/wp-json\/wp\/v2\/product_cat?post=7938"},{"taxonomy":"product_tag","embeddable":true,"href":"https:\/\/mustveepuukool.ee\/et\/wp-json\/wp\/v2\/product_tag?post=7938"}],"curies":[{"name":"wp","href":"https:\/\/api.w.org\/{rel}","templated":true}]}}