{"id":7959,"date":"2025-02-21T16:09:27","date_gmt":"2025-02-21T16:09:27","guid":{"rendered":"https:\/\/mustveepuukool.ee\/?post_type=product&#038;p=7959"},"modified":"2026-05-07T19:54:35","modified_gmt":"2026-05-07T19:54:35","slug":"prunus-persica-red-gold","status":"publish","type":"product","link":"https:\/\/mustveepuukool.ee\/et\/shop\/taimed\/viljapuud-ja-marjad\/nektariinipuud\/prunus-persica-red-gold\/","title":{"rendered":"Prunus persica &#8216;Red Gold&#8217;"},"content":{"rendered":"<p>K\u00e4\u00e4buskasvuline. Varajane sort. Eestis k\u00f5ige k\u00fclmakindlam. Isetolmlev. \u00d5ied roosad. Viljad on tumepunased, suured, magusad, ilusad, mahlased, septembri alguses. Vilju hakkab kandma 3 aastaselt. Dekoratiivne l\u00e4bi hooaja. V\u00e4hen\u00f5udlik.<\/p>","protected":false},"excerpt":{"rendered":"<p>Harilik nektariinipuu, nucipersica<br \/>\u2191 3-4 m <br \/>\u2194 3-4 m <br \/>\u25d1\u3007 <br \/>\ua564 aprill-mai <br \/>&#8212; 29\u00b0C (5 tsoon)<\/p>","protected":false},"featured_media":7960,"template":"","meta":[],"product_brand":[],"product_cat":[183],"product_tag":[],"class_list":{"0":"post-7959","1":"product","2":"type-product","3":"status-publish","4":"has-post-thumbnail","6":"product_cat-nektariinipuud","7":"pa_suurus-8l-pott-suurus-1-5m","9":"first","10":"instock","11":"shipping-taxable","12":"purchasable","13":"product-type-variable","14":"has-default-attributes"},"jetpack_sharing_enabled":true,"_links":{"self":[{"href":"https:\/\/mustveepuukool.ee\/et\/wp-json\/wp\/v2\/product\/7959","targetHints":{"allow":["GET"]}}],"collection":[{"href":"https:\/\/mustveepuukool.ee\/et\/wp-json\/wp\/v2\/product"}],"about":[{"href":"https:\/\/mustveepuukool.ee\/et\/wp-json\/wp\/v2\/types\/product"}],"version-history":[{"count":2,"href":"https:\/\/mustveepuukool.ee\/et\/wp-json\/wp\/v2\/product\/7959\/revisions"}],"predecessor-version":[{"id":7963,"href":"https:\/\/mustveepuukool.ee\/et\/wp-json\/wp\/v2\/product\/7959\/revisions\/7963"}],"wp:featuredmedia":[{"embeddable":true,"href":"https:\/\/mustveepuukool.ee\/et\/wp-json\/wp\/v2\/media\/7960"}],"wp:attachment":[{"href":"https:\/\/mustveepuukool.ee\/et\/wp-json\/wp\/v2\/media?parent=7959"}],"wp:term":[{"taxonomy":"product_brand","embeddable":true,"href":"https:\/\/mustveepuukool.ee\/et\/wp-json\/wp\/v2\/product_brand?post=7959"},{"taxonomy":"product_cat","embeddable":true,"href":"https:\/\/mustveepuukool.ee\/et\/wp-json\/wp\/v2\/product_cat?post=7959"},{"taxonomy":"product_tag","embeddable":true,"href":"https:\/\/mustveepuukool.ee\/et\/wp-json\/wp\/v2\/product_tag?post=7959"}],"curies":[{"name":"wp","href":"https:\/\/api.w.org\/{rel}","templated":true}]}}