{"id":796,"date":"2024-01-22T19:00:09","date_gmt":"2024-01-22T19:00:09","guid":{"rendered":"https:\/\/mustveepuukool.ee\/?post_type=product&#038;p=796"},"modified":"2026-01-21T14:49:48","modified_gmt":"2026-01-21T14:49:48","slug":"scabiosa-japonica-pink-diamonds","status":"publish","type":"product","link":"https:\/\/mustveepuukool.ee\/et\/shop\/taimed\/pusikud\/muud-pusikud\/scabiosa-japonica-pink-diamonds\/","title":{"rendered":"Scabiosa japonica &#8216;Pink Diamonds&#8217;"},"content":{"rendered":"<p>Kaunid kihilised \u00f5ied valendavad taime kohal terve suve v\u00e4ltel, kui \u00f5itsenud \u00f5ieosi \u00f5igel ajal \u00e4ra noppida. Taim on vastupidav, tugevate \u00f5ievartega. \u00dcks pikima \u00f5itsemisajaga p\u00fcsililli.<\/p>","protected":false},"excerpt":{"rendered":"<p>Jaapani t\u00e4htpea<br \/>\u219115-20cm <br \/>\u25d1\u3007 <br \/>\ua564 juuni-september <br \/>-29\u00b0C (5 tsoon)<\/p>","protected":false},"featured_media":798,"template":"","meta":[],"product_brand":[],"product_cat":[111],"product_tag":[],"class_list":{"0":"post-796","1":"product","2":"type-product","3":"status-publish","4":"has-post-thumbnail","6":"product_cat-muud-pusikud","8":"first","9":"outofstock","10":"shipping-taxable","11":"purchasable","12":"product-type-simple"},"jetpack_sharing_enabled":true,"_links":{"self":[{"href":"https:\/\/mustveepuukool.ee\/et\/wp-json\/wp\/v2\/product\/796","targetHints":{"allow":["GET"]}}],"collection":[{"href":"https:\/\/mustveepuukool.ee\/et\/wp-json\/wp\/v2\/product"}],"about":[{"href":"https:\/\/mustveepuukool.ee\/et\/wp-json\/wp\/v2\/types\/product"}],"version-history":[{"count":1,"href":"https:\/\/mustveepuukool.ee\/et\/wp-json\/wp\/v2\/product\/796\/revisions"}],"predecessor-version":[{"id":5176,"href":"https:\/\/mustveepuukool.ee\/et\/wp-json\/wp\/v2\/product\/796\/revisions\/5176"}],"wp:featuredmedia":[{"embeddable":true,"href":"https:\/\/mustveepuukool.ee\/et\/wp-json\/wp\/v2\/media\/798"}],"wp:attachment":[{"href":"https:\/\/mustveepuukool.ee\/et\/wp-json\/wp\/v2\/media?parent=796"}],"wp:term":[{"taxonomy":"product_brand","embeddable":true,"href":"https:\/\/mustveepuukool.ee\/et\/wp-json\/wp\/v2\/product_brand?post=796"},{"taxonomy":"product_cat","embeddable":true,"href":"https:\/\/mustveepuukool.ee\/et\/wp-json\/wp\/v2\/product_cat?post=796"},{"taxonomy":"product_tag","embeddable":true,"href":"https:\/\/mustveepuukool.ee\/et\/wp-json\/wp\/v2\/product_tag?post=796"}],"curies":[{"name":"wp","href":"https:\/\/api.w.org\/{rel}","templated":true}]}}