{"id":8008,"date":"2025-02-21T18:16:04","date_gmt":"2025-02-21T18:16:04","guid":{"rendered":"https:\/\/mustveepuukool.ee\/?post_type=product&#038;p=8008"},"modified":"2026-04-07T14:12:22","modified_gmt":"2026-04-07T14:12:22","slug":"pyrus-communis-alvita","status":"publish","type":"product","link":"https:\/\/mustveepuukool.ee\/et\/shop\/taimed\/viljapuud-ja-marjad\/pirnipuud\/pyrus-communis-alvita\/","title":{"rendered":"Pyrus communis &#8216;Alvita&#8217;"},"content":{"rendered":"<p>Suvisort. Isetolmlev, saagikas. Viljad kollakasrohelised, punase jumega, suured, viljaliha tihe, mahlane, maitsev, augustis ja s\u00e4ilib 1 kuu.<br \/>Dekoratiivne l\u00e4bi hooaja. V\u00e4hen\u00f5udlik.<\/p>","protected":false},"excerpt":{"rendered":"<p>Aed-pirnipuu<br \/>\u25d1\u3007 <br \/>\ua564 aprill-mai <br \/>&#8212; 29\u00b0C (5 tsoon)<\/p>","protected":false},"featured_media":8009,"template":"","meta":[],"product_brand":[],"product_cat":[99],"product_tag":[],"class_list":{"0":"post-8008","1":"product","2":"type-product","3":"status-publish","4":"has-post-thumbnail","6":"product_cat-pirnipuud","7":"pa_suurus-8l-pott-suurus-1-5m","9":"first","10":"instock","11":"shipping-taxable","12":"purchasable","13":"product-type-variable","14":"has-default-attributes"},"jetpack_sharing_enabled":true,"_links":{"self":[{"href":"https:\/\/mustveepuukool.ee\/et\/wp-json\/wp\/v2\/product\/8008","targetHints":{"allow":["GET"]}}],"collection":[{"href":"https:\/\/mustveepuukool.ee\/et\/wp-json\/wp\/v2\/product"}],"about":[{"href":"https:\/\/mustveepuukool.ee\/et\/wp-json\/wp\/v2\/types\/product"}],"version-history":[{"count":2,"href":"https:\/\/mustveepuukool.ee\/et\/wp-json\/wp\/v2\/product\/8008\/revisions"}],"predecessor-version":[{"id":8012,"href":"https:\/\/mustveepuukool.ee\/et\/wp-json\/wp\/v2\/product\/8008\/revisions\/8012"}],"wp:featuredmedia":[{"embeddable":true,"href":"https:\/\/mustveepuukool.ee\/et\/wp-json\/wp\/v2\/media\/8009"}],"wp:attachment":[{"href":"https:\/\/mustveepuukool.ee\/et\/wp-json\/wp\/v2\/media?parent=8008"}],"wp:term":[{"taxonomy":"product_brand","embeddable":true,"href":"https:\/\/mustveepuukool.ee\/et\/wp-json\/wp\/v2\/product_brand?post=8008"},{"taxonomy":"product_cat","embeddable":true,"href":"https:\/\/mustveepuukool.ee\/et\/wp-json\/wp\/v2\/product_cat?post=8008"},{"taxonomy":"product_tag","embeddable":true,"href":"https:\/\/mustveepuukool.ee\/et\/wp-json\/wp\/v2\/product_tag?post=8008"}],"curies":[{"name":"wp","href":"https:\/\/api.w.org\/{rel}","templated":true}]}}