{"id":8025,"date":"2025-02-22T11:50:12","date_gmt":"2025-02-22T11:50:12","guid":{"rendered":"https:\/\/mustveepuukool.ee\/?post_type=product&#038;p=8025"},"modified":"2026-04-07T14:13:32","modified_gmt":"2026-04-07T14:13:32","slug":"pyrus-communis-duhmjanaja","status":"publish","type":"product","link":"https:\/\/mustveepuukool.ee\/et\/shop\/taimed\/viljapuud-ja-marjad\/pirnipuud\/pyrus-communis-duhmjanaja\/","title":{"rendered":"Pyrus communis  &#8216;Duhmjanaja&#8217;"},"content":{"rendered":"<p>Suvisort. Isetolmlev, saagikas. Viljad kollakasrohelised, punase jumega, suured, viljaliha tihe, mahlane, maitsev, augustis ja s\u00e4ilib 1 kuu. Dekoratiivne l\u00e4bi hooaja. V\u00e4hen\u00f5udlik.<\/p>","protected":false},"excerpt":{"rendered":"<p>Aed-pirnipuu<br \/>\u25d1\u3007 <br \/>\ua564 aprill-mai <br \/>&#8212; 29\u00b0C (5 tsoon)<\/p>","protected":false},"featured_media":8026,"template":"","meta":[],"product_brand":[],"product_cat":[99],"product_tag":[],"class_list":{"0":"post-8025","1":"product","2":"type-product","3":"status-publish","4":"has-post-thumbnail","6":"product_cat-pirnipuud","7":"pa_suurus-8l-pott-suurus-1-5m","9":"first","10":"instock","11":"shipping-taxable","12":"purchasable","13":"product-type-variable","14":"has-default-attributes"},"jetpack_sharing_enabled":true,"_links":{"self":[{"href":"https:\/\/mustveepuukool.ee\/et\/wp-json\/wp\/v2\/product\/8025","targetHints":{"allow":["GET"]}}],"collection":[{"href":"https:\/\/mustveepuukool.ee\/et\/wp-json\/wp\/v2\/product"}],"about":[{"href":"https:\/\/mustveepuukool.ee\/et\/wp-json\/wp\/v2\/types\/product"}],"version-history":[{"count":2,"href":"https:\/\/mustveepuukool.ee\/et\/wp-json\/wp\/v2\/product\/8025\/revisions"}],"predecessor-version":[{"id":8029,"href":"https:\/\/mustveepuukool.ee\/et\/wp-json\/wp\/v2\/product\/8025\/revisions\/8029"}],"wp:featuredmedia":[{"embeddable":true,"href":"https:\/\/mustveepuukool.ee\/et\/wp-json\/wp\/v2\/media\/8026"}],"wp:attachment":[{"href":"https:\/\/mustveepuukool.ee\/et\/wp-json\/wp\/v2\/media?parent=8025"}],"wp:term":[{"taxonomy":"product_brand","embeddable":true,"href":"https:\/\/mustveepuukool.ee\/et\/wp-json\/wp\/v2\/product_brand?post=8025"},{"taxonomy":"product_cat","embeddable":true,"href":"https:\/\/mustveepuukool.ee\/et\/wp-json\/wp\/v2\/product_cat?post=8025"},{"taxonomy":"product_tag","embeddable":true,"href":"https:\/\/mustveepuukool.ee\/et\/wp-json\/wp\/v2\/product_tag?post=8025"}],"curies":[{"name":"wp","href":"https:\/\/api.w.org\/{rel}","templated":true}]}}