{"id":803,"date":"2024-01-23T08:08:54","date_gmt":"2024-01-23T08:08:54","guid":{"rendered":"https:\/\/mustveepuukool.ee\/?post_type=product&#038;p=803"},"modified":"2026-01-21T14:49:49","modified_gmt":"2026-01-21T14:49:49","slug":"nepeta-faassenii-dropmore","status":"publish","type":"product","link":"https:\/\/mustveepuukool.ee\/et\/shop\/taimed\/pusikud\/naistenogesed\/nepeta-faassenii-dropmore\/","title":{"rendered":"Nepeta faassenii &#8216;Dropmore&#8217;"},"content":{"rendered":"<p>\u00d5ied on lavendlisinised. Lehed on hallikasrohelised, sametised, sidruni-m\u00fcndi l\u00f5hnaga. \u00d5itseb pidevalt ja rikkalikult k\u00fclmadeni. Liblikate ja mesilaste lemmik. V\u00e4hen\u00f5udlik.<\/p>","protected":false},"excerpt":{"rendered":"<p><span class=\"OYPEnA text-decoration-none text-strikethrough-none\">Faasseni naisten\u00f5ges<\/span><br \/>\u2191 50 cm \u00f5iega <br \/>\u2194 40 cm <br \/>\u25d1\u3007 <br \/>\ua564 juuni-oktoober <br \/>&#8212; 29\u00b0C (5 tsoon)<\/p>","protected":false},"featured_media":805,"template":"","meta":[],"product_brand":[],"product_cat":[150],"product_tag":[],"class_list":{"0":"post-803","1":"product","2":"type-product","3":"status-publish","4":"has-post-thumbnail","6":"product_cat-naistenogesed","7":"pa_suurus-9cm-pott","9":"first","10":"outofstock","11":"shipping-taxable","12":"purchasable","13":"product-type-variable","14":"has-default-attributes"},"jetpack_sharing_enabled":true,"_links":{"self":[{"href":"https:\/\/mustveepuukool.ee\/et\/wp-json\/wp\/v2\/product\/803","targetHints":{"allow":["GET"]}}],"collection":[{"href":"https:\/\/mustveepuukool.ee\/et\/wp-json\/wp\/v2\/product"}],"about":[{"href":"https:\/\/mustveepuukool.ee\/et\/wp-json\/wp\/v2\/types\/product"}],"version-history":[{"count":1,"href":"https:\/\/mustveepuukool.ee\/et\/wp-json\/wp\/v2\/product\/803\/revisions"}],"predecessor-version":[{"id":6502,"href":"https:\/\/mustveepuukool.ee\/et\/wp-json\/wp\/v2\/product\/803\/revisions\/6502"}],"wp:featuredmedia":[{"embeddable":true,"href":"https:\/\/mustveepuukool.ee\/et\/wp-json\/wp\/v2\/media\/805"}],"wp:attachment":[{"href":"https:\/\/mustveepuukool.ee\/et\/wp-json\/wp\/v2\/media?parent=803"}],"wp:term":[{"taxonomy":"product_brand","embeddable":true,"href":"https:\/\/mustveepuukool.ee\/et\/wp-json\/wp\/v2\/product_brand?post=803"},{"taxonomy":"product_cat","embeddable":true,"href":"https:\/\/mustveepuukool.ee\/et\/wp-json\/wp\/v2\/product_cat?post=803"},{"taxonomy":"product_tag","embeddable":true,"href":"https:\/\/mustveepuukool.ee\/et\/wp-json\/wp\/v2\/product_tag?post=803"}],"curies":[{"name":"wp","href":"https:\/\/api.w.org\/{rel}","templated":true}]}}