{"id":8061,"date":"2025-02-24T15:11:26","date_gmt":"2025-02-24T15:11:26","guid":{"rendered":"https:\/\/mustveepuukool.ee\/?post_type=product&#038;p=8061"},"modified":"2026-04-08T12:45:06","modified_gmt":"2026-04-08T12:45:06","slug":"prunus-avium-iput","status":"publish","type":"product","link":"https:\/\/mustveepuukool.ee\/et\/shop\/taimed\/viljapuud-ja-marjad\/magus-kirsipuu\/prunus-avium-iput\/","title":{"rendered":"Prunus avium &#8216;Iput&#8217;"},"content":{"rendered":"<p>Varajane p\u00e4rit Venemaalt. Saagikuse suurendamiseks vajab teist varajane sorti. Viljad tumepunased (mustjad), suured, magusad, mahlane, juulis. Dekoratiivne l\u00e4bi hooaja. V\u00e4hen\u00f5udlik. Kompaktse v\u00f5raga puu, n\u00f5rgakasvuline.<\/p>","protected":false},"excerpt":{"rendered":"<p>Magus-kirsipuu ehk murel<br \/>\u25d1\u3007 <br \/>\ua564 aprill-mai <br \/>&#8212; 29\u00b0C (5 tsoon)<\/p>","protected":false},"featured_media":8062,"template":"","meta":[],"product_brand":[],"product_cat":[95],"product_tag":[],"class_list":{"0":"post-8061","1":"product","2":"type-product","3":"status-publish","4":"has-post-thumbnail","6":"product_cat-magus-kirsipuu","7":"pa_suurus-8l-pott-suurus-1-5m","9":"first","10":"instock","11":"shipping-taxable","12":"purchasable","13":"product-type-variable","14":"has-default-attributes"},"jetpack_sharing_enabled":true,"_links":{"self":[{"href":"https:\/\/mustveepuukool.ee\/et\/wp-json\/wp\/v2\/product\/8061","targetHints":{"allow":["GET"]}}],"collection":[{"href":"https:\/\/mustveepuukool.ee\/et\/wp-json\/wp\/v2\/product"}],"about":[{"href":"https:\/\/mustveepuukool.ee\/et\/wp-json\/wp\/v2\/types\/product"}],"version-history":[{"count":2,"href":"https:\/\/mustveepuukool.ee\/et\/wp-json\/wp\/v2\/product\/8061\/revisions"}],"predecessor-version":[{"id":8065,"href":"https:\/\/mustveepuukool.ee\/et\/wp-json\/wp\/v2\/product\/8061\/revisions\/8065"}],"wp:featuredmedia":[{"embeddable":true,"href":"https:\/\/mustveepuukool.ee\/et\/wp-json\/wp\/v2\/media\/8062"}],"wp:attachment":[{"href":"https:\/\/mustveepuukool.ee\/et\/wp-json\/wp\/v2\/media?parent=8061"}],"wp:term":[{"taxonomy":"product_brand","embeddable":true,"href":"https:\/\/mustveepuukool.ee\/et\/wp-json\/wp\/v2\/product_brand?post=8061"},{"taxonomy":"product_cat","embeddable":true,"href":"https:\/\/mustveepuukool.ee\/et\/wp-json\/wp\/v2\/product_cat?post=8061"},{"taxonomy":"product_tag","embeddable":true,"href":"https:\/\/mustveepuukool.ee\/et\/wp-json\/wp\/v2\/product_tag?post=8061"}],"curies":[{"name":"wp","href":"https:\/\/api.w.org\/{rel}","templated":true}]}}