{"id":810,"date":"2024-01-23T08:17:20","date_gmt":"2024-01-23T08:17:20","guid":{"rendered":"https:\/\/mustveepuukool.ee\/?post_type=product&#038;p=810"},"modified":"2026-01-21T14:49:48","modified_gmt":"2026-01-21T14:49:48","slug":"limonium-latifolium-blauer-diamant","status":"publish","type":"product","link":"https:\/\/mustveepuukool.ee\/et\/shop\/taimed\/pusikud\/muud-pusikud\/limonium-latifolium-blauer-diamant\/","title":{"rendered":"Limonium latifolium &#8216;Blauer Diamant&#8217;"},"content":{"rendered":"<p>Ebakorrap\u00e4rase kasvukujuga \u00fclirikkalikult v\u00e4ikeseid lillakaid \u00f5isi. Laiade lehtede t\u00f5ttu sobib h\u00e4sti pinnakatjaks. \u00d5isikuvarsi saab edukalt kuivatada. Hea lilleseade materjal.<\/p>","protected":false},"excerpt":{"rendered":"<p>Laialehine parkjuur<br \/>\u219125cm <br \/>\u219430cm <br \/>\u25d1\u3007 <br \/>\ua564 juuni-august <br \/>-29\u00b0C (5 tsoon)<\/p>","protected":false},"featured_media":812,"template":"","meta":[],"product_brand":[],"product_cat":[111],"product_tag":[],"class_list":{"0":"post-810","1":"product","2":"type-product","3":"status-publish","4":"has-post-thumbnail","6":"product_cat-muud-pusikud","8":"first","9":"outofstock","10":"shipping-taxable","11":"purchasable","12":"product-type-simple"},"jetpack_sharing_enabled":true,"_links":{"self":[{"href":"https:\/\/mustveepuukool.ee\/et\/wp-json\/wp\/v2\/product\/810","targetHints":{"allow":["GET"]}}],"collection":[{"href":"https:\/\/mustveepuukool.ee\/et\/wp-json\/wp\/v2\/product"}],"about":[{"href":"https:\/\/mustveepuukool.ee\/et\/wp-json\/wp\/v2\/types\/product"}],"version-history":[{"count":1,"href":"https:\/\/mustveepuukool.ee\/et\/wp-json\/wp\/v2\/product\/810\/revisions"}],"predecessor-version":[{"id":9258,"href":"https:\/\/mustveepuukool.ee\/et\/wp-json\/wp\/v2\/product\/810\/revisions\/9258"}],"wp:featuredmedia":[{"embeddable":true,"href":"https:\/\/mustveepuukool.ee\/et\/wp-json\/wp\/v2\/media\/812"}],"wp:attachment":[{"href":"https:\/\/mustveepuukool.ee\/et\/wp-json\/wp\/v2\/media?parent=810"}],"wp:term":[{"taxonomy":"product_brand","embeddable":true,"href":"https:\/\/mustveepuukool.ee\/et\/wp-json\/wp\/v2\/product_brand?post=810"},{"taxonomy":"product_cat","embeddable":true,"href":"https:\/\/mustveepuukool.ee\/et\/wp-json\/wp\/v2\/product_cat?post=810"},{"taxonomy":"product_tag","embeddable":true,"href":"https:\/\/mustveepuukool.ee\/et\/wp-json\/wp\/v2\/product_tag?post=810"}],"curies":[{"name":"wp","href":"https:\/\/api.w.org\/{rel}","templated":true}]}}