{"id":8118,"date":"2025-02-24T16:12:42","date_gmt":"2025-02-24T16:12:42","guid":{"rendered":"https:\/\/mustveepuukool.ee\/?post_type=product&#038;p=8118"},"modified":"2026-04-07T13:06:29","modified_gmt":"2026-04-07T13:06:29","slug":"prunus-cerasus-novella","status":"publish","type":"product","link":"https:\/\/mustveepuukool.ee\/et\/shop\/taimed\/viljapuud-ja-marjad\/hapu-kirsipuu\/prunus-cerasus-novella\/","title":{"rendered":"Prunus cerasus &#8216;Novella&#8217;"},"content":{"rendered":"<p>Keskvalmiv. Venemaa p\u00e4ritolu. Isetolmeja. Viljad punased, suured, meeldivalt hapukasmagusad, mahlased, juulis. Dekoratiivne l\u00e4bi hooaja. V\u00e4hen\u00f5udlik. Kompaktse v\u00f5raga puu.<\/p>","protected":false},"excerpt":{"rendered":"<p>Hapu kirsipuu<br \/>\u25d1\u3007 <br \/>\ua564 aprill-mai <br \/>&#8212; 29\u00b0C (5 tsoon)<\/p>","protected":false},"featured_media":8119,"template":"","meta":[],"product_brand":[],"product_cat":[94],"product_tag":[],"class_list":{"0":"post-8118","1":"product","2":"type-product","3":"status-publish","4":"has-post-thumbnail","6":"product_cat-hapu-kirsipuu","7":"pa_suurus-8l-pott-suurus-1-5m","9":"first","10":"instock","11":"shipping-taxable","12":"purchasable","13":"product-type-variable","14":"has-default-attributes"},"jetpack_sharing_enabled":true,"_links":{"self":[{"href":"https:\/\/mustveepuukool.ee\/et\/wp-json\/wp\/v2\/product\/8118","targetHints":{"allow":["GET"]}}],"collection":[{"href":"https:\/\/mustveepuukool.ee\/et\/wp-json\/wp\/v2\/product"}],"about":[{"href":"https:\/\/mustveepuukool.ee\/et\/wp-json\/wp\/v2\/types\/product"}],"version-history":[{"count":2,"href":"https:\/\/mustveepuukool.ee\/et\/wp-json\/wp\/v2\/product\/8118\/revisions"}],"predecessor-version":[{"id":8122,"href":"https:\/\/mustveepuukool.ee\/et\/wp-json\/wp\/v2\/product\/8118\/revisions\/8122"}],"wp:featuredmedia":[{"embeddable":true,"href":"https:\/\/mustveepuukool.ee\/et\/wp-json\/wp\/v2\/media\/8119"}],"wp:attachment":[{"href":"https:\/\/mustveepuukool.ee\/et\/wp-json\/wp\/v2\/media?parent=8118"}],"wp:term":[{"taxonomy":"product_brand","embeddable":true,"href":"https:\/\/mustveepuukool.ee\/et\/wp-json\/wp\/v2\/product_brand?post=8118"},{"taxonomy":"product_cat","embeddable":true,"href":"https:\/\/mustveepuukool.ee\/et\/wp-json\/wp\/v2\/product_cat?post=8118"},{"taxonomy":"product_tag","embeddable":true,"href":"https:\/\/mustveepuukool.ee\/et\/wp-json\/wp\/v2\/product_tag?post=8118"}],"curies":[{"name":"wp","href":"https:\/\/api.w.org\/{rel}","templated":true}]}}