{"id":813,"date":"2024-01-23T08:23:12","date_gmt":"2024-01-23T08:23:12","guid":{"rendered":"https:\/\/mustveepuukool.ee\/?post_type=product&#038;p=813"},"modified":"2026-01-21T14:49:49","modified_gmt":"2026-01-21T14:49:49","slug":"iberis-sempervirens-schneeflocke","status":"publish","type":"product","link":"https:\/\/mustveepuukool.ee\/et\/shop\/taimed\/pusikud\/muud-pusikud\/iberis-sempervirens-schneeflocke\/","title":{"rendered":"Iberis sempervirens  &#8216;Schneeflocke&#8217;"},"content":{"rendered":"<p>Igihaljas. \u00d5ied on valged. \u00d5itseb rikkalikult kaks korda hooajas. Dekoratiivne l\u00e4bi hooaja. V\u00e4hen\u00f5udlik.<\/p>","protected":false},"excerpt":{"rendered":"<p>Ibeeris<br \/>\u2191 30 cm <br \/>\u2194 50 cm <br \/>\u25d1\u3007 <br \/>\ua564 mai-juuni ja augustis <br \/>&#8212; 29\u00b0C (5 tsoon)<\/p>","protected":false},"featured_media":815,"template":"","meta":[],"product_brand":[],"product_cat":[111],"product_tag":[],"class_list":{"0":"post-813","1":"product","2":"type-product","3":"status-publish","4":"has-post-thumbnail","6":"product_cat-muud-pusikud","7":"pa_suurus-3l-pott","9":"first","10":"outofstock","11":"shipping-taxable","12":"purchasable","13":"product-type-variable","14":"has-default-attributes"},"jetpack_sharing_enabled":true,"_links":{"self":[{"href":"https:\/\/mustveepuukool.ee\/et\/wp-json\/wp\/v2\/product\/813","targetHints":{"allow":["GET"]}}],"collection":[{"href":"https:\/\/mustveepuukool.ee\/et\/wp-json\/wp\/v2\/product"}],"about":[{"href":"https:\/\/mustveepuukool.ee\/et\/wp-json\/wp\/v2\/types\/product"}],"version-history":[{"count":2,"href":"https:\/\/mustveepuukool.ee\/et\/wp-json\/wp\/v2\/product\/813\/revisions"}],"predecessor-version":[{"id":6134,"href":"https:\/\/mustveepuukool.ee\/et\/wp-json\/wp\/v2\/product\/813\/revisions\/6134"}],"wp:featuredmedia":[{"embeddable":true,"href":"https:\/\/mustveepuukool.ee\/et\/wp-json\/wp\/v2\/media\/815"}],"wp:attachment":[{"href":"https:\/\/mustveepuukool.ee\/et\/wp-json\/wp\/v2\/media?parent=813"}],"wp:term":[{"taxonomy":"product_brand","embeddable":true,"href":"https:\/\/mustveepuukool.ee\/et\/wp-json\/wp\/v2\/product_brand?post=813"},{"taxonomy":"product_cat","embeddable":true,"href":"https:\/\/mustveepuukool.ee\/et\/wp-json\/wp\/v2\/product_cat?post=813"},{"taxonomy":"product_tag","embeddable":true,"href":"https:\/\/mustveepuukool.ee\/et\/wp-json\/wp\/v2\/product_tag?post=813"}],"curies":[{"name":"wp","href":"https:\/\/api.w.org\/{rel}","templated":true}]}}