{"id":8143,"date":"2025-02-24T16:46:38","date_gmt":"2025-02-24T16:46:38","guid":{"rendered":"https:\/\/mustveepuukool.ee\/?post_type=product&#038;p=8143"},"modified":"2026-05-06T14:36:49","modified_gmt":"2026-05-06T14:36:49","slug":"malus-domestica-ciepa","status":"publish","type":"product","link":"https:\/\/mustveepuukool.ee\/et\/shop\/taimed\/viljapuud-ja-marjad\/%d0%ba%d0%be%d0%bb%d0%be%d0%bd%d0%be%d0%b2%d0%b8%d0%b4%d0%bd%d1%8b%d0%b5-%d1%8f%d0%b1%d0%bb%d0%be%d0%bd%d0%b8\/malus-domestica-ciepa\/","title":{"rendered":"Malus domestica &#8216;\u010ciepa&#8217;"},"content":{"rendered":"<p>Suvi\u00f5un, L\u00e4ti p\u00e4ritolu. \u00d5unad s\u00f6\u00f6misk\u00fcpsed augustis. Viljad kollakasrohelised, triibulise punaga, suured ja keskmised, meeldivalt hapukasmagusad, maitsev, mahlased, aromaatse maitsega. Isetolmeja. Dekoratiivne l\u00e4bi hooaja. V\u00e4hen\u00f5udlik. Kompaktse puu. Hakkab vilja kandma varakult.<\/p>","protected":false},"excerpt":{"rendered":"<p>Sammas\u00f5unapuu<\/p>","protected":false},"featured_media":8144,"template":"","meta":[],"product_brand":[],"product_cat":[331],"product_tag":[],"class_list":{"0":"post-8143","1":"product","2":"type-product","3":"status-publish","4":"has-post-thumbnail","6":"product_cat-331","7":"pa_suurus-8l-pott-60-80cm-suurus","9":"first","10":"instock","11":"shipping-taxable","12":"purchasable","13":"product-type-variable","14":"has-default-attributes"},"jetpack_sharing_enabled":true,"_links":{"self":[{"href":"https:\/\/mustveepuukool.ee\/et\/wp-json\/wp\/v2\/product\/8143","targetHints":{"allow":["GET"]}}],"collection":[{"href":"https:\/\/mustveepuukool.ee\/et\/wp-json\/wp\/v2\/product"}],"about":[{"href":"https:\/\/mustveepuukool.ee\/et\/wp-json\/wp\/v2\/types\/product"}],"version-history":[{"count":2,"href":"https:\/\/mustveepuukool.ee\/et\/wp-json\/wp\/v2\/product\/8143\/revisions"}],"predecessor-version":[{"id":8147,"href":"https:\/\/mustveepuukool.ee\/et\/wp-json\/wp\/v2\/product\/8143\/revisions\/8147"}],"wp:featuredmedia":[{"embeddable":true,"href":"https:\/\/mustveepuukool.ee\/et\/wp-json\/wp\/v2\/media\/8144"}],"wp:attachment":[{"href":"https:\/\/mustveepuukool.ee\/et\/wp-json\/wp\/v2\/media?parent=8143"}],"wp:term":[{"taxonomy":"product_brand","embeddable":true,"href":"https:\/\/mustveepuukool.ee\/et\/wp-json\/wp\/v2\/product_brand?post=8143"},{"taxonomy":"product_cat","embeddable":true,"href":"https:\/\/mustveepuukool.ee\/et\/wp-json\/wp\/v2\/product_cat?post=8143"},{"taxonomy":"product_tag","embeddable":true,"href":"https:\/\/mustveepuukool.ee\/et\/wp-json\/wp\/v2\/product_tag?post=8143"}],"curies":[{"name":"wp","href":"https:\/\/api.w.org\/{rel}","templated":true}]}}