{"id":8218,"date":"2025-02-24T20:06:54","date_gmt":"2025-02-24T20:06:54","guid":{"rendered":"https:\/\/mustveepuukool.ee\/?post_type=product&#038;p=8218"},"modified":"2026-05-06T11:51:33","modified_gmt":"2026-05-06T11:51:33","slug":"malus-domestica-tallinna-pirnoun-paarouna","status":"publish","type":"product","link":"https:\/\/mustveepuukool.ee\/et\/shop\/taimed\/viljapuud-ja-marjad\/ounapuud\/malus-domestica-tallinna-pirnoun-paarouna\/","title":{"rendered":"Malus domestica &#8216;Tallinna pirn\u00f5un&#8217; (P\u00e4\u00e4r\u00f5una)"},"content":{"rendered":"<p>Suvi\u00f5un vana Eesti p\u00e4ritolu. \u00d5unad s\u00f6\u00f6misk\u00fcpsed augusti teisel poolel v\u00f5i septembri alguses. Viljad valkjaskollased punasep\u00f5selised, suuremapoolsed, magusad, pirnimaitselised, v\u00e4ga mahlased, aromaatse maitsega. Isetolmeja.  Dekoratiivne l\u00e4bi hooaja. V\u00e4hen\u00f5udlik.<\/p>","protected":false},"excerpt":{"rendered":"<p>\u00d5unapuu<\/p>","protected":false},"featured_media":8219,"template":"","meta":[],"product_brand":[],"product_cat":[92],"product_tag":[],"class_list":{"0":"post-8218","1":"product","2":"type-product","3":"status-publish","4":"has-post-thumbnail","6":"product_cat-ounapuud","7":"pa_suurus-7l-pott-15m-suurus","9":"first","10":"outofstock","11":"shipping-taxable","12":"purchasable","13":"product-type-variable","14":"has-default-attributes"},"jetpack_sharing_enabled":true,"_links":{"self":[{"href":"https:\/\/mustveepuukool.ee\/et\/wp-json\/wp\/v2\/product\/8218","targetHints":{"allow":["GET"]}}],"collection":[{"href":"https:\/\/mustveepuukool.ee\/et\/wp-json\/wp\/v2\/product"}],"about":[{"href":"https:\/\/mustveepuukool.ee\/et\/wp-json\/wp\/v2\/types\/product"}],"version-history":[{"count":2,"href":"https:\/\/mustveepuukool.ee\/et\/wp-json\/wp\/v2\/product\/8218\/revisions"}],"predecessor-version":[{"id":8222,"href":"https:\/\/mustveepuukool.ee\/et\/wp-json\/wp\/v2\/product\/8218\/revisions\/8222"}],"wp:featuredmedia":[{"embeddable":true,"href":"https:\/\/mustveepuukool.ee\/et\/wp-json\/wp\/v2\/media\/8219"}],"wp:attachment":[{"href":"https:\/\/mustveepuukool.ee\/et\/wp-json\/wp\/v2\/media?parent=8218"}],"wp:term":[{"taxonomy":"product_brand","embeddable":true,"href":"https:\/\/mustveepuukool.ee\/et\/wp-json\/wp\/v2\/product_brand?post=8218"},{"taxonomy":"product_cat","embeddable":true,"href":"https:\/\/mustveepuukool.ee\/et\/wp-json\/wp\/v2\/product_cat?post=8218"},{"taxonomy":"product_tag","embeddable":true,"href":"https:\/\/mustveepuukool.ee\/et\/wp-json\/wp\/v2\/product_tag?post=8218"}],"curies":[{"name":"wp","href":"https:\/\/api.w.org\/{rel}","templated":true}]}}