{"id":8224,"date":"2025-02-25T08:41:49","date_gmt":"2025-02-25T08:41:49","guid":{"rendered":"https:\/\/mustveepuukool.ee\/?post_type=product&#038;p=8224"},"modified":"2026-04-09T10:08:32","modified_gmt":"2026-04-09T10:08:32","slug":"malus-domestica-edite-kovalenovskoje-katja-liga","status":"publish","type":"product","link":"https:\/\/mustveepuukool.ee\/et\/shop\/taimed\/viljapuud-ja-marjad\/ounapuud\/malus-domestica-edite-kovalenovskoje-katja-liga\/","title":{"rendered":"Malus domestica &#8216;Edite + Kovalenovskoje + Katja + Liga&#8217;"},"content":{"rendered":"<p>Edite-tali\u00f5un; Kovalenovskoje-hilissuvine; Katja-hiliss\u00fcgis-varatalvine; Liga- suve\u00f5un.<\/p>","protected":false},"excerpt":{"rendered":"<p>Pere\u00f5unapuu 4-sorti<\/p>","protected":false},"featured_media":8225,"template":"","meta":[],"product_brand":[],"product_cat":[92],"product_tag":[],"class_list":{"0":"post-8224","1":"product","2":"type-product","3":"status-publish","4":"has-post-thumbnail","6":"product_cat-ounapuud","7":"pa_suurus-18-2-m","9":"first","10":"instock","11":"shipping-taxable","12":"purchasable","13":"product-type-variable","14":"has-default-attributes"},"jetpack_sharing_enabled":true,"_links":{"self":[{"href":"https:\/\/mustveepuukool.ee\/et\/wp-json\/wp\/v2\/product\/8224","targetHints":{"allow":["GET"]}}],"collection":[{"href":"https:\/\/mustveepuukool.ee\/et\/wp-json\/wp\/v2\/product"}],"about":[{"href":"https:\/\/mustveepuukool.ee\/et\/wp-json\/wp\/v2\/types\/product"}],"version-history":[{"count":2,"href":"https:\/\/mustveepuukool.ee\/et\/wp-json\/wp\/v2\/product\/8224\/revisions"}],"predecessor-version":[{"id":8228,"href":"https:\/\/mustveepuukool.ee\/et\/wp-json\/wp\/v2\/product\/8224\/revisions\/8228"}],"wp:featuredmedia":[{"embeddable":true,"href":"https:\/\/mustveepuukool.ee\/et\/wp-json\/wp\/v2\/media\/8225"}],"wp:attachment":[{"href":"https:\/\/mustveepuukool.ee\/et\/wp-json\/wp\/v2\/media?parent=8224"}],"wp:term":[{"taxonomy":"product_brand","embeddable":true,"href":"https:\/\/mustveepuukool.ee\/et\/wp-json\/wp\/v2\/product_brand?post=8224"},{"taxonomy":"product_cat","embeddable":true,"href":"https:\/\/mustveepuukool.ee\/et\/wp-json\/wp\/v2\/product_cat?post=8224"},{"taxonomy":"product_tag","embeddable":true,"href":"https:\/\/mustveepuukool.ee\/et\/wp-json\/wp\/v2\/product_tag?post=8224"}],"curies":[{"name":"wp","href":"https:\/\/api.w.org\/{rel}","templated":true}]}}