{"id":8229,"date":"2025-02-25T08:44:42","date_gmt":"2025-02-25T08:44:42","guid":{"rendered":"https:\/\/mustveepuukool.ee\/?post_type=product&#038;p=8229"},"modified":"2026-04-08T14:33:24","modified_gmt":"2026-04-08T14:33:24","slug":"malus-domestica-raja-treboux-samling-parnu-tuvioun-lambanina-kuldrenett-sugisjoonik","status":"publish","type":"product","link":"https:\/\/mustveepuukool.ee\/et\/shop\/taimed\/viljapuud-ja-marjad\/ounapuud\/malus-domestica-raja-treboux-samling-parnu-tuvioun-lambanina-kuldrenett-sugisjoonik\/","title":{"rendered":"Malus domestica &#8216;Raja + Treboux S\u00e4mling, P\u00e4rnu Tuvi\u00f5un, Lambanina) + Kuldrenett + S\u00fcgisjoonik&#8217;"},"content":{"rendered":"<p>Raja-tali\u00f5un; Treboux S\u00e4mling ehk P\u00e4rnu Tuvi\u00f5un, Lambanina-s\u00fcgisene; Kuldrenett-s\u00fcgisene; S\u00fcgisjoonik- s\u00fcgisene<\/p>","protected":false},"excerpt":{"rendered":"<p>Pere\u00f5unapuu 4-sorti<\/p>","protected":false},"featured_media":8230,"template":"","meta":[],"product_brand":[],"product_cat":[92],"product_tag":[],"class_list":{"0":"post-8229","1":"product","2":"type-product","3":"status-publish","4":"has-post-thumbnail","6":"product_cat-ounapuud","7":"pa_suurus-8l-pott-80-100cm-suurus","9":"first","10":"instock","11":"shipping-taxable","12":"purchasable","13":"product-type-variable","14":"has-default-attributes"},"jetpack_sharing_enabled":true,"_links":{"self":[{"href":"https:\/\/mustveepuukool.ee\/et\/wp-json\/wp\/v2\/product\/8229","targetHints":{"allow":["GET"]}}],"collection":[{"href":"https:\/\/mustveepuukool.ee\/et\/wp-json\/wp\/v2\/product"}],"about":[{"href":"https:\/\/mustveepuukool.ee\/et\/wp-json\/wp\/v2\/types\/product"}],"version-history":[{"count":2,"href":"https:\/\/mustveepuukool.ee\/et\/wp-json\/wp\/v2\/product\/8229\/revisions"}],"predecessor-version":[{"id":8233,"href":"https:\/\/mustveepuukool.ee\/et\/wp-json\/wp\/v2\/product\/8229\/revisions\/8233"}],"wp:featuredmedia":[{"embeddable":true,"href":"https:\/\/mustveepuukool.ee\/et\/wp-json\/wp\/v2\/media\/8230"}],"wp:attachment":[{"href":"https:\/\/mustveepuukool.ee\/et\/wp-json\/wp\/v2\/media?parent=8229"}],"wp:term":[{"taxonomy":"product_brand","embeddable":true,"href":"https:\/\/mustveepuukool.ee\/et\/wp-json\/wp\/v2\/product_brand?post=8229"},{"taxonomy":"product_cat","embeddable":true,"href":"https:\/\/mustveepuukool.ee\/et\/wp-json\/wp\/v2\/product_cat?post=8229"},{"taxonomy":"product_tag","embeddable":true,"href":"https:\/\/mustveepuukool.ee\/et\/wp-json\/wp\/v2\/product_tag?post=8229"}],"curies":[{"name":"wp","href":"https:\/\/api.w.org\/{rel}","templated":true}]}}