{"id":8234,"date":"2025-02-25T08:48:26","date_gmt":"2025-02-25T08:48:26","guid":{"rendered":"https:\/\/mustveepuukool.ee\/?post_type=product&#038;p=8234"},"modified":"2026-04-09T10:10:19","modified_gmt":"2026-04-09T10:10:19","slug":"malus-domestica-zarja-alatau-antonovka-treboux-samling-parnu-tuvioun-lambanina-konfetnaja","status":"publish","type":"product","link":"https:\/\/mustveepuukool.ee\/et\/shop\/taimed\/viljapuud-ja-marjad\/ounapuud\/malus-domestica-zarja-alatau-antonovka-treboux-samling-parnu-tuvioun-lambanina-konfetnaja\/","title":{"rendered":"Malus domestica  &#8216;Zarja Alatau + Antonovka + Treboux S\u00e4mling, P\u00e4rnu Tuvi\u00f5un, Lambanina) + Konfetnaja&#8217;"},"content":{"rendered":"<p>Zarja Alatau-tali\u00f5un; Antonovka-hilis\u00fcgis; Treboux S\u00e4mling ehk P\u00e4rnu Tuvi\u00f5un, Lambanina-s\u00fcgisene; Konfetnaja-suvine<\/p>","protected":false},"excerpt":{"rendered":"<p>Pere\u00f5unapuu 4-sorti<\/p>","protected":false},"featured_media":8235,"template":"","meta":[],"product_brand":[],"product_cat":[92],"product_tag":[],"class_list":{"0":"post-8234","1":"product","2":"type-product","3":"status-publish","4":"has-post-thumbnail","6":"product_cat-ounapuud","7":"pa_suurus-18-2-m","9":"first","10":"instock","11":"shipping-taxable","12":"purchasable","13":"product-type-variable","14":"has-default-attributes"},"jetpack_sharing_enabled":true,"_links":{"self":[{"href":"https:\/\/mustveepuukool.ee\/et\/wp-json\/wp\/v2\/product\/8234","targetHints":{"allow":["GET"]}}],"collection":[{"href":"https:\/\/mustveepuukool.ee\/et\/wp-json\/wp\/v2\/product"}],"about":[{"href":"https:\/\/mustveepuukool.ee\/et\/wp-json\/wp\/v2\/types\/product"}],"version-history":[{"count":2,"href":"https:\/\/mustveepuukool.ee\/et\/wp-json\/wp\/v2\/product\/8234\/revisions"}],"predecessor-version":[{"id":8238,"href":"https:\/\/mustveepuukool.ee\/et\/wp-json\/wp\/v2\/product\/8234\/revisions\/8238"}],"wp:featuredmedia":[{"embeddable":true,"href":"https:\/\/mustveepuukool.ee\/et\/wp-json\/wp\/v2\/media\/8235"}],"wp:attachment":[{"href":"https:\/\/mustveepuukool.ee\/et\/wp-json\/wp\/v2\/media?parent=8234"}],"wp:term":[{"taxonomy":"product_brand","embeddable":true,"href":"https:\/\/mustveepuukool.ee\/et\/wp-json\/wp\/v2\/product_brand?post=8234"},{"taxonomy":"product_cat","embeddable":true,"href":"https:\/\/mustveepuukool.ee\/et\/wp-json\/wp\/v2\/product_cat?post=8234"},{"taxonomy":"product_tag","embeddable":true,"href":"https:\/\/mustveepuukool.ee\/et\/wp-json\/wp\/v2\/product_tag?post=8234"}],"curies":[{"name":"wp","href":"https:\/\/api.w.org\/{rel}","templated":true}]}}