{"id":8251,"date":"2025-02-25T12:39:56","date_gmt":"2025-02-25T12:39:56","guid":{"rendered":"https:\/\/mustveepuukool.ee\/?post_type=product&#038;p=8251"},"modified":"2026-05-04T11:11:50","modified_gmt":"2026-05-04T11:11:50","slug":"malus-domestica-dots-melbo","status":"publish","type":"product","link":"https:\/\/mustveepuukool.ee\/et\/shop\/taimed\/viljapuud-ja-marjad\/ounapuud\/malus-domestica-dots-melbo\/","title":{"rendered":"Malus domestica &#8216;Doc Melba&#8217;"},"content":{"rendered":"<p>Varasuve sort venemaa p\u00e4ritolu. \u00d5unad s\u00f6\u00f6misk\u00fcpsed augusti keskel. Viljad kollased punaka triibuga, suured ja keskmised, heamaiselised, mahlased, aromaatse maitsega. Isetolmeja.  Varase saagikandega (kolmandalaastal). Dekoratiivne l\u00e4bi hooaja. V\u00e4hen\u00f5udlik.<\/p>","protected":false},"excerpt":{"rendered":"<p>\u00d5unapuu<\/p>","protected":false},"featured_media":8252,"template":"","meta":[],"product_brand":[],"product_cat":[92],"product_tag":[],"class_list":{"0":"post-8251","1":"product","2":"type-product","3":"status-publish","4":"has-post-thumbnail","6":"product_cat-ounapuud","7":"pa_suurus-7l-pott-15m-suurus","8":"pa_suurus-7l-pott-150-200cm-korgus","10":"first","11":"instock","12":"shipping-taxable","13":"purchasable","14":"product-type-variable","15":"has-default-attributes"},"jetpack_sharing_enabled":true,"_links":{"self":[{"href":"https:\/\/mustveepuukool.ee\/et\/wp-json\/wp\/v2\/product\/8251","targetHints":{"allow":["GET"]}}],"collection":[{"href":"https:\/\/mustveepuukool.ee\/et\/wp-json\/wp\/v2\/product"}],"about":[{"href":"https:\/\/mustveepuukool.ee\/et\/wp-json\/wp\/v2\/types\/product"}],"version-history":[{"count":4,"href":"https:\/\/mustveepuukool.ee\/et\/wp-json\/wp\/v2\/product\/8251\/revisions"}],"predecessor-version":[{"id":8827,"href":"https:\/\/mustveepuukool.ee\/et\/wp-json\/wp\/v2\/product\/8251\/revisions\/8827"}],"wp:featuredmedia":[{"embeddable":true,"href":"https:\/\/mustveepuukool.ee\/et\/wp-json\/wp\/v2\/media\/8252"}],"wp:attachment":[{"href":"https:\/\/mustveepuukool.ee\/et\/wp-json\/wp\/v2\/media?parent=8251"}],"wp:term":[{"taxonomy":"product_brand","embeddable":true,"href":"https:\/\/mustveepuukool.ee\/et\/wp-json\/wp\/v2\/product_brand?post=8251"},{"taxonomy":"product_cat","embeddable":true,"href":"https:\/\/mustveepuukool.ee\/et\/wp-json\/wp\/v2\/product_cat?post=8251"},{"taxonomy":"product_tag","embeddable":true,"href":"https:\/\/mustveepuukool.ee\/et\/wp-json\/wp\/v2\/product_tag?post=8251"}],"curies":[{"name":"wp","href":"https:\/\/api.w.org\/{rel}","templated":true}]}}