{"id":8261,"date":"2025-02-25T12:46:23","date_gmt":"2025-02-25T12:46:23","guid":{"rendered":"https:\/\/mustveepuukool.ee\/?post_type=product&#038;p=8261"},"modified":"2026-04-10T08:44:41","modified_gmt":"2026-04-10T08:44:41","slug":"malus-domestica-jelgavas-suvine","status":"publish","type":"product","link":"https:\/\/mustveepuukool.ee\/et\/shop\/taimed\/viljapuud-ja-marjad\/ounapuud\/malus-domestica-jelgavas-suvine\/","title":{"rendered":"Malus domestica &#8216;Jelgavas Suvine&#8217;"},"content":{"rendered":"<p>Suve\u00f5un L\u00e4ti p\u00e4ritolu. \u00d5unad s\u00f6\u00f6misk\u00fcpsed augustis, valmib veidi peale Valget klaar. Viljad helekollased, n\u00f5rgalt roosaka tooniga, keskmised, hea maitsega, mahlased, aromaatse maitsega. Isetolmeja. Varaviljuv. Dekoratiivne l\u00e4bi hooaja. V\u00e4hen\u00f5udlik.<\/p>","protected":false},"excerpt":{"rendered":"<p>\u00d5unapuu<\/p>","protected":false},"featured_media":8262,"template":"","meta":[],"product_brand":[],"product_cat":[92],"product_tag":[],"class_list":{"0":"post-8261","1":"product","2":"type-product","3":"status-publish","4":"has-post-thumbnail","6":"product_cat-ounapuud","7":"pa_suurus-7l-pott-15m-suurus","9":"first","10":"instock","11":"shipping-taxable","12":"purchasable","13":"product-type-variable","14":"has-default-attributes"},"jetpack_sharing_enabled":true,"_links":{"self":[{"href":"https:\/\/mustveepuukool.ee\/et\/wp-json\/wp\/v2\/product\/8261","targetHints":{"allow":["GET"]}}],"collection":[{"href":"https:\/\/mustveepuukool.ee\/et\/wp-json\/wp\/v2\/product"}],"about":[{"href":"https:\/\/mustveepuukool.ee\/et\/wp-json\/wp\/v2\/types\/product"}],"version-history":[{"count":2,"href":"https:\/\/mustveepuukool.ee\/et\/wp-json\/wp\/v2\/product\/8261\/revisions"}],"predecessor-version":[{"id":8265,"href":"https:\/\/mustveepuukool.ee\/et\/wp-json\/wp\/v2\/product\/8261\/revisions\/8265"}],"wp:featuredmedia":[{"embeddable":true,"href":"https:\/\/mustveepuukool.ee\/et\/wp-json\/wp\/v2\/media\/8262"}],"wp:attachment":[{"href":"https:\/\/mustveepuukool.ee\/et\/wp-json\/wp\/v2\/media?parent=8261"}],"wp:term":[{"taxonomy":"product_brand","embeddable":true,"href":"https:\/\/mustveepuukool.ee\/et\/wp-json\/wp\/v2\/product_brand?post=8261"},{"taxonomy":"product_cat","embeddable":true,"href":"https:\/\/mustveepuukool.ee\/et\/wp-json\/wp\/v2\/product_cat?post=8261"},{"taxonomy":"product_tag","embeddable":true,"href":"https:\/\/mustveepuukool.ee\/et\/wp-json\/wp\/v2\/product_tag?post=8261"}],"curies":[{"name":"wp","href":"https:\/\/api.w.org\/{rel}","templated":true}]}}