{"id":8268,"date":"2025-02-25T12:51:12","date_gmt":"2025-02-25T12:51:12","guid":{"rendered":"https:\/\/mustveepuukool.ee\/?post_type=product&#038;p=8268"},"modified":"2026-04-09T10:51:58","modified_gmt":"2026-04-09T10:51:58","slug":"malus-domestica-korta","status":"publish","type":"product","link":"https:\/\/mustveepuukool.ee\/et\/shop\/taimed\/viljapuud-ja-marjad\/ounapuud\/malus-domestica-korta\/","title":{"rendered":"Malus domestica &#8216;Korta&#8217;"},"content":{"rendered":"<p>Varasuve\u00f5un L\u00e4ti p\u00e4ritolu. 'Korobovka' ja 'Tallinna Pirni\u00f5un' ristamise teel. \u00d5unad valmib veidi enne Valget Klaar, augustis. Viljad helekollased punaka triibuga, suured ja keskmised, heamaiselised, \u00fclimahlased, pirnimaitsega. Isetolmeja.  Varase saagikandega (kolmandalaastal). Dekoratiivne l\u00e4bi hooaja. V\u00e4hen\u00f5udlik.<\/p>","protected":false},"excerpt":{"rendered":"<p>\u00d5unapuu<\/p>","protected":false},"featured_media":8269,"template":"","meta":[],"product_brand":[],"product_cat":[92],"product_tag":[],"class_list":{"0":"post-8268","1":"product","2":"type-product","3":"status-publish","4":"has-post-thumbnail","6":"product_cat-ounapuud","7":"pa_suurus-7l-pott-15m-suurus","9":"first","10":"instock","11":"shipping-taxable","12":"purchasable","13":"product-type-variable","14":"has-default-attributes"},"jetpack_sharing_enabled":true,"_links":{"self":[{"href":"https:\/\/mustveepuukool.ee\/et\/wp-json\/wp\/v2\/product\/8268","targetHints":{"allow":["GET"]}}],"collection":[{"href":"https:\/\/mustveepuukool.ee\/et\/wp-json\/wp\/v2\/product"}],"about":[{"href":"https:\/\/mustveepuukool.ee\/et\/wp-json\/wp\/v2\/types\/product"}],"version-history":[{"count":2,"href":"https:\/\/mustveepuukool.ee\/et\/wp-json\/wp\/v2\/product\/8268\/revisions"}],"predecessor-version":[{"id":8272,"href":"https:\/\/mustveepuukool.ee\/et\/wp-json\/wp\/v2\/product\/8268\/revisions\/8272"}],"wp:featuredmedia":[{"embeddable":true,"href":"https:\/\/mustveepuukool.ee\/et\/wp-json\/wp\/v2\/media\/8269"}],"wp:attachment":[{"href":"https:\/\/mustveepuukool.ee\/et\/wp-json\/wp\/v2\/media?parent=8268"}],"wp:term":[{"taxonomy":"product_brand","embeddable":true,"href":"https:\/\/mustveepuukool.ee\/et\/wp-json\/wp\/v2\/product_brand?post=8268"},{"taxonomy":"product_cat","embeddable":true,"href":"https:\/\/mustveepuukool.ee\/et\/wp-json\/wp\/v2\/product_cat?post=8268"},{"taxonomy":"product_tag","embeddable":true,"href":"https:\/\/mustveepuukool.ee\/et\/wp-json\/wp\/v2\/product_tag?post=8268"}],"curies":[{"name":"wp","href":"https:\/\/api.w.org\/{rel}","templated":true}]}}