{"id":8293,"date":"2025-02-25T16:23:42","date_gmt":"2025-02-25T16:23:42","guid":{"rendered":"https:\/\/mustveepuukool.ee\/?post_type=product&#038;p=8293"},"modified":"2026-04-10T09:25:20","modified_gmt":"2026-04-10T09:25:20","slug":"malus-domestica-serinkamalabelelehmapfel","status":"publish","type":"product","link":"https:\/\/mustveepuukool.ee\/et\/shop\/taimed\/viljapuud-ja-marjad\/ounapuud\/malus-domestica-serinkamalabelelehmapfel\/","title":{"rendered":"Malus domestica  &#8216;Serinka'(M\u0101l\u0101bele,Lehmapfel)"},"content":{"rendered":"<p>S\u00fcgisene pikaealine sort. \u00d5unad s\u00f6\u00f6misk\u00fcpsed septembris . Viljad rohekaskollased punasep\u00f5selised, keskmised, maitsvad, v\u00e4ga mahlased, aromaatse maitsega. \u00dcks parimaid mahla\u00f5unu, siidriks, moosiks. Isetolmeja. Dekoratiivne l\u00e4bi hooaja. V\u00e4hen\u00f5udlik.<\/p>","protected":false},"excerpt":{"rendered":"<p>\u00d5unapuu<\/p>","protected":false},"featured_media":8294,"template":"","meta":[],"product_brand":[],"product_cat":[92],"product_tag":[],"class_list":{"0":"post-8293","1":"product","2":"type-product","3":"status-publish","4":"has-post-thumbnail","6":"product_cat-ounapuud","7":"pa_suurus-7l-pott","8":"pa_suurus-7l-pott-15m-suurus","10":"first","11":"instock","12":"shipping-taxable","13":"purchasable","14":"product-type-variable","15":"has-default-attributes"},"jetpack_sharing_enabled":true,"_links":{"self":[{"href":"https:\/\/mustveepuukool.ee\/et\/wp-json\/wp\/v2\/product\/8293","targetHints":{"allow":["GET"]}}],"collection":[{"href":"https:\/\/mustveepuukool.ee\/et\/wp-json\/wp\/v2\/product"}],"about":[{"href":"https:\/\/mustveepuukool.ee\/et\/wp-json\/wp\/v2\/types\/product"}],"version-history":[{"count":2,"href":"https:\/\/mustveepuukool.ee\/et\/wp-json\/wp\/v2\/product\/8293\/revisions"}],"predecessor-version":[{"id":8298,"href":"https:\/\/mustveepuukool.ee\/et\/wp-json\/wp\/v2\/product\/8293\/revisions\/8298"}],"wp:featuredmedia":[{"embeddable":true,"href":"https:\/\/mustveepuukool.ee\/et\/wp-json\/wp\/v2\/media\/8294"}],"wp:attachment":[{"href":"https:\/\/mustveepuukool.ee\/et\/wp-json\/wp\/v2\/media?parent=8293"}],"wp:term":[{"taxonomy":"product_brand","embeddable":true,"href":"https:\/\/mustveepuukool.ee\/et\/wp-json\/wp\/v2\/product_brand?post=8293"},{"taxonomy":"product_cat","embeddable":true,"href":"https:\/\/mustveepuukool.ee\/et\/wp-json\/wp\/v2\/product_cat?post=8293"},{"taxonomy":"product_tag","embeddable":true,"href":"https:\/\/mustveepuukool.ee\/et\/wp-json\/wp\/v2\/product_tag?post=8293"}],"curies":[{"name":"wp","href":"https:\/\/api.w.org\/{rel}","templated":true}]}}