{"id":8305,"date":"2025-02-25T16:35:47","date_gmt":"2025-02-25T16:35:47","guid":{"rendered":"https:\/\/mustveepuukool.ee\/?post_type=product&#038;p=8305"},"modified":"2026-05-04T10:32:15","modified_gmt":"2026-05-04T10:32:15","slug":"malus-domestica-merrigold","status":"publish","type":"product","link":"https:\/\/mustveepuukool.ee\/et\/shop\/taimed\/viljapuud-ja-marjad\/ounapuud\/malus-domestica-merrigold\/","title":{"rendered":"Malus domestica &#8216;Merrigold&#8217;"},"content":{"rendered":"<p>S\u00fcgisene sort. \u00d5unad s\u00f6\u00f6misk\u00fcpsed septembri keskel ja s\u00e4ilib detsembrini. Viljad p\u00e4ikesekollased, suuremapoolsed, magemagusad, v\u00e4ga mahlased, aromaatsed. V\u00f5iks istutada asemesel 'Treboux' (ehk P\u00e4rnu Tuvi\u00f5un, Lambanina), s\u00e4ilitatakse parem. Isetolmeja. Varaviljuv, kolmandal aastal. Dekoratiivne l\u00e4bi hooaja. V\u00e4hen\u00f5udlik.<\/p>","protected":false},"excerpt":{"rendered":"<p>\u00d5unapuu<\/p>","protected":false},"featured_media":8306,"template":"","meta":[],"product_brand":[],"product_cat":[92],"product_tag":[],"class_list":{"0":"post-8305","1":"product","2":"type-product","3":"status-publish","4":"has-post-thumbnail","6":"product_cat-ounapuud","7":"pa_suurus-18-2-m","9":"first","10":"instock","11":"shipping-taxable","12":"purchasable","13":"product-type-variable","14":"has-default-attributes"},"jetpack_sharing_enabled":true,"_links":{"self":[{"href":"https:\/\/mustveepuukool.ee\/et\/wp-json\/wp\/v2\/product\/8305","targetHints":{"allow":["GET"]}}],"collection":[{"href":"https:\/\/mustveepuukool.ee\/et\/wp-json\/wp\/v2\/product"}],"about":[{"href":"https:\/\/mustveepuukool.ee\/et\/wp-json\/wp\/v2\/types\/product"}],"version-history":[{"count":2,"href":"https:\/\/mustveepuukool.ee\/et\/wp-json\/wp\/v2\/product\/8305\/revisions"}],"predecessor-version":[{"id":8309,"href":"https:\/\/mustveepuukool.ee\/et\/wp-json\/wp\/v2\/product\/8305\/revisions\/8309"}],"wp:featuredmedia":[{"embeddable":true,"href":"https:\/\/mustveepuukool.ee\/et\/wp-json\/wp\/v2\/media\/8306"}],"wp:attachment":[{"href":"https:\/\/mustveepuukool.ee\/et\/wp-json\/wp\/v2\/media?parent=8305"}],"wp:term":[{"taxonomy":"product_brand","embeddable":true,"href":"https:\/\/mustveepuukool.ee\/et\/wp-json\/wp\/v2\/product_brand?post=8305"},{"taxonomy":"product_cat","embeddable":true,"href":"https:\/\/mustveepuukool.ee\/et\/wp-json\/wp\/v2\/product_cat?post=8305"},{"taxonomy":"product_tag","embeddable":true,"href":"https:\/\/mustveepuukool.ee\/et\/wp-json\/wp\/v2\/product_tag?post=8305"}],"curies":[{"name":"wp","href":"https:\/\/api.w.org\/{rel}","templated":true}]}}