{"id":8312,"date":"2025-02-25T16:41:11","date_gmt":"2025-02-25T16:41:11","guid":{"rendered":"https:\/\/mustveepuukool.ee\/?post_type=product&#038;p=8312"},"modified":"2026-05-05T10:57:44","modified_gmt":"2026-05-05T10:57:44","slug":"malus-domestica-red-melba","status":"publish","type":"product","link":"https:\/\/mustveepuukool.ee\/et\/shop\/taimed\/viljapuud-ja-marjad\/ounapuud\/malus-domestica-red-melba\/","title":{"rendered":"Malus domestica &#8216;Red Melba&#8217;"},"content":{"rendered":"<p>Hilisuvi\u00f5un. \u00d5unad s\u00f6\u00f6misk\u00fcpsed augustis. Viljad rohekaskollased punasep\u00f5selised, suuremapoolsed, maitsev, v\u00e4ga mahlased, aromaatse maitsega. Isetolmeja. Varaviljuv, kolmandal aastal. Dekoratiivne l\u00e4bi hooaja. V\u00e4hen\u00f5udlik.<\/p>","protected":false},"excerpt":{"rendered":"<p>\u00d5unapuu<\/p>","protected":false},"featured_media":8313,"template":"","meta":[],"product_brand":[],"product_cat":[92],"product_tag":[],"class_list":{"0":"post-8312","1":"product","2":"type-product","3":"status-publish","4":"has-post-thumbnail","6":"product_cat-ounapuud","7":"pa_suurus-7l-pott-15m-suurus","8":"pa_suurus-7l-pott-150-200cm-korgus","10":"first","11":"instock","12":"shipping-taxable","13":"purchasable","14":"product-type-variable","15":"has-default-attributes"},"jetpack_sharing_enabled":true,"_links":{"self":[{"href":"https:\/\/mustveepuukool.ee\/et\/wp-json\/wp\/v2\/product\/8312","targetHints":{"allow":["GET"]}}],"collection":[{"href":"https:\/\/mustveepuukool.ee\/et\/wp-json\/wp\/v2\/product"}],"about":[{"href":"https:\/\/mustveepuukool.ee\/et\/wp-json\/wp\/v2\/types\/product"}],"version-history":[{"count":2,"href":"https:\/\/mustveepuukool.ee\/et\/wp-json\/wp\/v2\/product\/8312\/revisions"}],"predecessor-version":[{"id":8316,"href":"https:\/\/mustveepuukool.ee\/et\/wp-json\/wp\/v2\/product\/8312\/revisions\/8316"}],"wp:featuredmedia":[{"embeddable":true,"href":"https:\/\/mustveepuukool.ee\/et\/wp-json\/wp\/v2\/media\/8313"}],"wp:attachment":[{"href":"https:\/\/mustveepuukool.ee\/et\/wp-json\/wp\/v2\/media?parent=8312"}],"wp:term":[{"taxonomy":"product_brand","embeddable":true,"href":"https:\/\/mustveepuukool.ee\/et\/wp-json\/wp\/v2\/product_brand?post=8312"},{"taxonomy":"product_cat","embeddable":true,"href":"https:\/\/mustveepuukool.ee\/et\/wp-json\/wp\/v2\/product_cat?post=8312"},{"taxonomy":"product_tag","embeddable":true,"href":"https:\/\/mustveepuukool.ee\/et\/wp-json\/wp\/v2\/product_tag?post=8312"}],"curies":[{"name":"wp","href":"https:\/\/api.w.org\/{rel}","templated":true}]}}