{"id":8327,"date":"2025-02-25T16:50:17","date_gmt":"2025-02-25T16:50:17","guid":{"rendered":"https:\/\/mustveepuukool.ee\/?post_type=product&#038;p=8327"},"modified":"2026-01-21T14:50:56","modified_gmt":"2026-01-21T14:50:56","slug":"malus-domestica-sarkanais-cukurins","status":"publish","type":"product","link":"https:\/\/mustveepuukool.ee\/et\/shop\/taimed\/viljapuud-ja-marjad\/ounapuud\/malus-domestica-sarkanais-cukurins\/","title":{"rendered":"Malus domestica &#8216;Sarkanais Cukuri\u0146\u0161&#8217;"},"content":{"rendered":"<p>Varajane suve\u00f5un. \u00d5unad s\u00f6\u00f6misk\u00fcpsed augustis. Viljad rohekaskollased punasep\u00f5selised, v\u00e4ikesed, magused, v\u00e4ga mahlased, aromaatse maitsega. Isetolmeja. Varaviljuv, teisel aastal. Dekoratiivne l\u00e4bi hooaja. V\u00e4hen\u00f5udlik.<\/p>","protected":false},"excerpt":{"rendered":"<p>\u00d5unapuu 'Punane Ranetka'<\/p>","protected":false},"featured_media":8328,"template":"","meta":[],"product_brand":[],"product_cat":[92],"product_tag":[],"class_list":{"0":"post-8327","1":"product","2":"type-product","3":"status-publish","4":"has-post-thumbnail","6":"product_cat-ounapuud","7":"pa_suurus-7l-pott-15m-suurus","9":"first","10":"outofstock","11":"shipping-taxable","12":"purchasable","13":"product-type-variable","14":"has-default-attributes"},"jetpack_sharing_enabled":true,"_links":{"self":[{"href":"https:\/\/mustveepuukool.ee\/et\/wp-json\/wp\/v2\/product\/8327","targetHints":{"allow":["GET"]}}],"collection":[{"href":"https:\/\/mustveepuukool.ee\/et\/wp-json\/wp\/v2\/product"}],"about":[{"href":"https:\/\/mustveepuukool.ee\/et\/wp-json\/wp\/v2\/types\/product"}],"version-history":[{"count":2,"href":"https:\/\/mustveepuukool.ee\/et\/wp-json\/wp\/v2\/product\/8327\/revisions"}],"predecessor-version":[{"id":8331,"href":"https:\/\/mustveepuukool.ee\/et\/wp-json\/wp\/v2\/product\/8327\/revisions\/8331"}],"wp:featuredmedia":[{"embeddable":true,"href":"https:\/\/mustveepuukool.ee\/et\/wp-json\/wp\/v2\/media\/8328"}],"wp:attachment":[{"href":"https:\/\/mustveepuukool.ee\/et\/wp-json\/wp\/v2\/media?parent=8327"}],"wp:term":[{"taxonomy":"product_brand","embeddable":true,"href":"https:\/\/mustveepuukool.ee\/et\/wp-json\/wp\/v2\/product_brand?post=8327"},{"taxonomy":"product_cat","embeddable":true,"href":"https:\/\/mustveepuukool.ee\/et\/wp-json\/wp\/v2\/product_cat?post=8327"},{"taxonomy":"product_tag","embeddable":true,"href":"https:\/\/mustveepuukool.ee\/et\/wp-json\/wp\/v2\/product_tag?post=8327"}],"curies":[{"name":"wp","href":"https:\/\/api.w.org\/{rel}","templated":true}]}}