{"id":8352,"date":"2025-02-25T19:31:09","date_gmt":"2025-02-25T19:31:09","guid":{"rendered":"https:\/\/mustveepuukool.ee\/?post_type=product&#038;p=8352"},"modified":"2026-04-10T08:56:08","modified_gmt":"2026-04-10T08:56:08","slug":"malus-domestica-treboux-samling","status":"publish","type":"product","link":"https:\/\/mustveepuukool.ee\/et\/shop\/taimed\/viljapuud-ja-marjad\/ounapuud\/malus-domestica-treboux-samling\/","title":{"rendered":"Malus domestica  &#8216;Treboux S\u00e4mling&#8217;"},"content":{"rendered":"<p>S\u00fcgis\u00f5un Eestis aretatud. \u00d5unad s\u00f6\u00f6misk\u00fcpsed septembrist novembrini. Viljad valkjaskollased, suuremapoolsed, kaunid, heamaitselised, v\u00e4ga mahlased, aromaatse maitsega. Isetolmeja. Hakkab vilja kandma 3-4 aastal ja kannab rikkalikult. Dekoratiivne l\u00e4bi hooaja. V\u00e4hen\u00f5udlik.<\/p>","protected":false},"excerpt":{"rendered":"<p>\u00d5unapuu \u2018P\u00e4rnu Tuvi\u00f5un\u2019 ehk \u2018Lambanina\u2019<\/p>","protected":false},"featured_media":8353,"template":"","meta":[],"product_brand":[],"product_cat":[92],"product_tag":[],"class_list":{"0":"post-8352","1":"product","2":"type-product","3":"status-publish","4":"has-post-thumbnail","6":"product_cat-ounapuud","7":"pa_suurus-7l-pott-15m-suurus","9":"first","10":"instock","11":"shipping-taxable","12":"purchasable","13":"product-type-variable","14":"has-default-attributes"},"jetpack_sharing_enabled":true,"_links":{"self":[{"href":"https:\/\/mustveepuukool.ee\/et\/wp-json\/wp\/v2\/product\/8352","targetHints":{"allow":["GET"]}}],"collection":[{"href":"https:\/\/mustveepuukool.ee\/et\/wp-json\/wp\/v2\/product"}],"about":[{"href":"https:\/\/mustveepuukool.ee\/et\/wp-json\/wp\/v2\/types\/product"}],"version-history":[{"count":2,"href":"https:\/\/mustveepuukool.ee\/et\/wp-json\/wp\/v2\/product\/8352\/revisions"}],"predecessor-version":[{"id":8356,"href":"https:\/\/mustveepuukool.ee\/et\/wp-json\/wp\/v2\/product\/8352\/revisions\/8356"}],"wp:featuredmedia":[{"embeddable":true,"href":"https:\/\/mustveepuukool.ee\/et\/wp-json\/wp\/v2\/media\/8353"}],"wp:attachment":[{"href":"https:\/\/mustveepuukool.ee\/et\/wp-json\/wp\/v2\/media?parent=8352"}],"wp:term":[{"taxonomy":"product_brand","embeddable":true,"href":"https:\/\/mustveepuukool.ee\/et\/wp-json\/wp\/v2\/product_brand?post=8352"},{"taxonomy":"product_cat","embeddable":true,"href":"https:\/\/mustveepuukool.ee\/et\/wp-json\/wp\/v2\/product_cat?post=8352"},{"taxonomy":"product_tag","embeddable":true,"href":"https:\/\/mustveepuukool.ee\/et\/wp-json\/wp\/v2\/product_tag?post=8352"}],"curies":[{"name":"wp","href":"https:\/\/api.w.org\/{rel}","templated":true}]}}