{"id":838,"date":"2024-01-23T20:37:58","date_gmt":"2024-01-23T20:37:58","guid":{"rendered":"https:\/\/mustveepuukool.ee\/?post_type=product&#038;p=838"},"modified":"2026-01-21T14:49:48","modified_gmt":"2026-01-21T14:49:48","slug":"stachys-byzantina-silver-carpet","status":"publish","type":"product","link":"https:\/\/mustveepuukool.ee\/et\/shop\/taimed\/pusikud\/muud-pusikud\/stachys-byzantina-silver-carpet\/","title":{"rendered":"Stachys byzantina  &#8216;Silver Carpet&#8217;"},"content":{"rendered":"<p>H\u00e4sti pinda kattev taim. Igihalja. J\u00f5uline taim loob oma villaste ning sinakash\u00f5bedase lehestikuga meeldiva koheva vaiba.<\/p>","protected":false},"excerpt":{"rendered":"<p>Villane n\u00f5ian\u00f5ges<br \/>\u219130cm <br \/>\u219450cm <br \/>\u25d1\u3007 <br \/>\ua564 juuli <br \/>-29\u00b0C (5 tsoon)<\/p>","protected":false},"featured_media":839,"template":"","meta":[],"product_brand":[],"product_cat":[111],"product_tag":[],"class_list":{"0":"post-838","1":"product","2":"type-product","3":"status-publish","4":"has-post-thumbnail","6":"product_cat-muud-pusikud","8":"first","9":"outofstock","10":"shipping-taxable","11":"purchasable","12":"product-type-simple"},"jetpack_sharing_enabled":true,"_links":{"self":[{"href":"https:\/\/mustveepuukool.ee\/et\/wp-json\/wp\/v2\/product\/838","targetHints":{"allow":["GET"]}}],"collection":[{"href":"https:\/\/mustveepuukool.ee\/et\/wp-json\/wp\/v2\/product"}],"about":[{"href":"https:\/\/mustveepuukool.ee\/et\/wp-json\/wp\/v2\/types\/product"}],"version-history":[{"count":1,"href":"https:\/\/mustveepuukool.ee\/et\/wp-json\/wp\/v2\/product\/838\/revisions"}],"predecessor-version":[{"id":5174,"href":"https:\/\/mustveepuukool.ee\/et\/wp-json\/wp\/v2\/product\/838\/revisions\/5174"}],"wp:featuredmedia":[{"embeddable":true,"href":"https:\/\/mustveepuukool.ee\/et\/wp-json\/wp\/v2\/media\/839"}],"wp:attachment":[{"href":"https:\/\/mustveepuukool.ee\/et\/wp-json\/wp\/v2\/media?parent=838"}],"wp:term":[{"taxonomy":"product_brand","embeddable":true,"href":"https:\/\/mustveepuukool.ee\/et\/wp-json\/wp\/v2\/product_brand?post=838"},{"taxonomy":"product_cat","embeddable":true,"href":"https:\/\/mustveepuukool.ee\/et\/wp-json\/wp\/v2\/product_cat?post=838"},{"taxonomy":"product_tag","embeddable":true,"href":"https:\/\/mustveepuukool.ee\/et\/wp-json\/wp\/v2\/product_tag?post=838"}],"curies":[{"name":"wp","href":"https:\/\/api.w.org\/{rel}","templated":true}]}}